{"id":18,"date":"2021-04-27T19:23:43","date_gmt":"2021-04-27T19:23:43","guid":{"rendered":"http:\/\/fartud.ro\/?page_id=18"},"modified":"2023-04-10T08:49:15","modified_gmt":"2023-04-10T08:49:15","slug":"managementul-ambalajelor","status":"publish","type":"page","link":"https:\/\/fartud.ro\/de\/servicii\/managementul-ambalajelor\/","title":{"rendered":"Management Verpackungen"},"content":{"rendered":"<div class=\"mk-page-section-wrapper\" data-mk-full-width=\"true\" data-mk-full-width-init=\"true\" data-mk-stretch-content=\"true\">\n\t<div id=\"page-section-1\" class=\"mk-page-section self-hosted   full_layout full-width-1 js-el js-master-row jupiter-donut-\"    data-intro-effect=\"false\">\n\n\t\t\t\n\t\t\t<div class=\"mk-page-section-inner\">\n\t\t\t\t\n\n\n<div class=\"mk-video-color-mask\"><\/div>\n\n\t\t\t\t\n\t\t\t\t\n\t\n\t<div class=\"background-layer-holder\">\n\t\t<div id=\"background-layer--1\" data-mk-lazyload=\"false\" class=\"background-layer mk-background-stretch none-blend-effect js-el\"    data-mk-img-set='{\"landscape\":{\"desktop\":\"https:\/\/fartud.ro\/wp-content\/uploads\/2021\/04\/84404banner-general2.jpg\",\"tablet\":\"https:\/\/fartud.ro\/wp-content\/uploads\/2021\/04\/84404banner-general2-1024x768.jpg\",\"mobile\":\"https:\/\/fartud.ro\/wp-content\/uploads\/2021\/04\/84404banner-general2-736x414.jpg\"},\"responsive\":\"true\"}' >\n\t\t\t\t\t\t\t\t\t<div class=\"mk-color-layer\"><\/div>\n\t\t<\/div>\n\t<\/div>\n\n\t\t\t<\/div>\n\n\t\t\t\n        <div class=\"page-section-content vc_row-fluid mk-grid\" >\n            <div class=\"mk-padding-wrapper wpb_row\">\n<div class=\"vc_col-sm-12 wpb_column column_container  jupiter-donut- _ jupiter-donut-height-full\">\n\t<\/div>\n<\/div>\n            <div class=\"clearboth\"><\/div>\n        <\/div>\n\n\n\t\t\t\n\t\t\t\n\t\t\t<div class=\"mk-shape-divider mk-shape-divider--stick folded-bottom-style small-size mk-shape-divider--stick-bottom\" id=\"mk-shape-divider-3\">\n\t\t\t<div class=\"shape__container\">\n\t\t\t\t<div class=\"shape\">\n\t\t\t\t\n\t\t<svg width=\"100%\" height=\"85px\">\n\t\t\t<defs>\n\t\t\t    <pattern id=\"shapeDividerPattern-3\" preserveaspectratio=\"none\" style=\"background-repeat: none;\" patternunits=\"userSpaceOnUse\" x=\"0\" y=\"0\" width=\"100%\" height=\"850px\" viewbox=\"0 0 100 850\">\n\t\t\t        <polygon fill=\"#fff\" points=\"0,0 0,84 50,84 100,84 100,0 50,84 \"><\/polygon>\n\t\t\t    <\/pattern>\n\t\t\t<\/defs>\n\n\t\t\t<!-- Background -->\n\t\t\t<rect x=\"0\" y=\"0\" width=\"100%\" height=\"85px\" fill=\"url(#shapeDividerPattern-3)\"><\/rect>\n\t\t<\/svg>\n\t<\/div>\n\t\t\t<\/div>\n\t\t<\/div>\n\t\t<div class=\"clearboth\"><\/div>\n\t<\/div>\n<\/div>\n<div class=\"vc_row-full-width vc_clearfix\"><\/div>\n\n\n<div  data-mk-full-width=\"true\" data-mk-full-width-init=\"false\" class=\"wpb_row vc_row vc_row-fluid jupiter-donut- mk-fullwidth-true  attched-false    vc_custom_1619588464657  js-master-row\">\n\t\t\t<div class=\"mk-grid\">\n\t\t\t\t\n<div class=\"vc_col-sm-12 wpb_column column_container  jupiter-donut- _ jupiter-donut-height-full\">\n\t\n<div id=\"padding-5\" class=\"mk-padding-divider jupiter-donut-  jupiter-donut-clearfix\"><\/div>\n\n\n<h2 id=\"fancy-title-6\" class=\"mk-fancy-title  simple-style jupiter-donut-  color-single\">\n\t<span>\n\t\t\t\t<p>Management r\u00fcckerstattbarer Verpackungen<\/p>\n\t\t\t<\/span>\n<\/h2>\n<div class=\"clearboth\"><\/div>\n\n\n\n<div id=\"mk-ornamental-title-7\" class=\"mk-ornamental-title norman-single title_as_text jupiter-donut-\"> <h2 class=\"title\"><span class=\"title-text\">Dienste<\/span><\/h2>\n<\/div>\n\n<div class=\"wpb_row vc_inner vc_row vc_row-fluid jupiter-donut-   attched-false\">\n\t\t\t<div class=\"wpb_column vc_column_container vc_col-sm-6\"><div class=\"vc_column-inner\"><div class=\"wpb_wrapper\">\t<div class=\"vc_custom_1681116542701\">\n\n<div id=\"text-block-8\" class=\"mk-text-block  jupiter-donut-\">\n\n\t\n\t<div class=\"text\">\n<p dir=\"ltr\" style=\"text-align: justify;\">Fartud ist Ihr Vertrauenspartner in der Handhabung, Reinigung, dem Waschen, dem Entfetten und Austrocknen der Verpackungen unterschiedlicher Gr\u00f6\u00dfen und der Container verwendet in der Produktion oder im Transport der Waren.<\/p>\n<p dir=\"ltr\" style=\"text-align: justify;\">Neben den Reinigungsdiensten bieten wir Dienste an, verbunden zur Lagerung, Regallagerung und Sortierung.<\/p>\n<p dir=\"ltr\" style=\"text-align: justify;\">Wir verf\u00fcgen von zwei Tore und 54 Beladungsrampen. Wir benutzen 2 spezialisierte Waschmaschinen mit zwei Bahnen und eine Sondermaschine bestimmt zum Waschen der Palettendeckel und der Kuststoffpaletten.<\/p>\n<p dir=\"ltr\" style=\"text-align: justify;\">Unser Reinigungssystem ist vorgesehen mit einem Modullentunnel und zwei Abschnitten, einen zum Waschen und einen zum Sp\u00fclen, entsprechend f\u00fcr das Waschen und Sp\u00fclen der Kisten, Ablagen und Schachteln.<\/p>\n<p dir=\"ltr\">Je nach der Art des Produktes und dem Verschmutzungsgrad kann man bis zu 1000 Einheiten in der Stunde reinigen.<\/p>\n<\/div>\n\n\t<div class=\"clearboth\"><\/div>\n<\/div>\n\n\t<\/div>\n\n<div id=\"padding-9\" class=\"mk-padding-divider jupiter-donut-  jupiter-donut-clearfix\"><\/div>\n\n<\/div><\/div><\/div><div class=\"wpb_column vc_column_container vc_col-sm-6\"><div class=\"vc_column-inner\"><div class=\"wpb_wrapper\">\n<div id=\"list-10\" class=\"mk-list-styles  mk-align-none  jupiter-donut- jupiter-donut-clear\" data-charcode=\"mk-icon-check\" data-family=\"\">\n\n\t\n\t<ul>\n<li><svg  class=\"mk-svg-icon\" data-name=\"mk-icon-check\" data-cacheid=\"icon-69dae96cdb66a\" style=\" height:16px; width: 16px; \"  xmlns=\"http:\/\/www.w3.org\/2000\/svg\" viewbox=\"0 0 1792 1792\"><path d=\"M1671 566q0 40-28 68l-724 724-136 136q-28 28-68 28t-68-28l-136-136-362-362q-28-28-28-68t28-68l136-136q28-28 68-28t68 28l294 295 656-657q28-28 68-28t68 28l136 136q28 28 28 68z\"\/><\/svg>\n<p dir=\"ltr\">Automatische Reinigung der Schachteln KLT, mit und ohne elektrostatischer Entladung<\/p>\n<p dir=\"ltr\">\n<\/li>\n<li><svg  class=\"mk-svg-icon\" data-name=\"mk-icon-check\" data-cacheid=\"icon-69dae96cdb66a\" style=\" height:16px; width: 16px; \"  xmlns=\"http:\/\/www.w3.org\/2000\/svg\" viewbox=\"0 0 1792 1792\"><path d=\"M1671 566q0 40-28 68l-724 724-136 136q-28 28-68 28t-68-28l-136-136-362-362q-28-28-28-68t28-68l136-136q28-28 68-28t68 28l294 295 656-657q28-28 68-28t68 28l136 136q28 28 28 68z\"\/><\/svg>\n<p dir=\"ltr\">\u00a0Gr\u00f6\u00dfen bis zu 120\u00d7100 cm<\/p>\n<p dir=\"ltr\">\n<\/li>\n<li><svg  class=\"mk-svg-icon\" data-name=\"mk-icon-check\" data-cacheid=\"icon-69dae96cdb66a\" style=\" height:16px; width: 16px; \"  xmlns=\"http:\/\/www.w3.org\/2000\/svg\" viewbox=\"0 0 1792 1792\"><path d=\"M1671 566q0 40-28 68l-724 724-136 136q-28 28-68 28t-68-28l-136-136-362-362q-28-28-28-68t28-68l136-136q28-28 68-28t68 28l294 295 656-657q28-28 68-28t68 28l136 136q28 28 28 68z\"\/><\/svg>\n<p dir=\"ltr\">\u00a0Automatisches Austrocknen<\/p>\n<p dir=\"ltr\">\n<\/li>\n<li><svg  class=\"mk-svg-icon\" data-name=\"mk-icon-check\" data-cacheid=\"icon-69dae96cdb66a\" style=\" height:16px; width: 16px; \"  xmlns=\"http:\/\/www.w3.org\/2000\/svg\" viewbox=\"0 0 1792 1792\"><path d=\"M1671 566q0 40-28 68l-724 724-136 136q-28 28-68 28t-68-28l-136-136-362-362q-28-28-28-68t28-68l136-136q28-28 68-28t68 28l294 295 656-657q28-28 68-28t68 28l136 136q28 28 28 68z\"\/><\/svg>\n<p dir=\"ltr\">\u00a0Waschen aller Arten von Kunststoffverpackungen: Blister, Schachteln KLT, Container und Ablagen<\/p>\n<p dir=\"ltr\">\n<\/li>\n<li><svg  class=\"mk-svg-icon\" data-name=\"mk-icon-check\" data-cacheid=\"icon-69dae96cdb66a\" style=\" height:16px; width: 16px; \"  xmlns=\"http:\/\/www.w3.org\/2000\/svg\" viewbox=\"0 0 1792 1792\"><path d=\"M1671 566q0 40-28 68l-724 724-136 136q-28 28-68 28t-68-28l-136-136-362-362q-28-28-28-68t28-68l136-136q28-28 68-28t68 28l294 295 656-657q28-28 68-28t68 28l136 136q28 28 28 68z\"\/><\/svg>\n<p dir=\"ltr\">\u00a0Instandhaltung umtauschbarer Verpackungen<\/p>\n<\/li>\n<\/ul>\n\n<\/div>\n<\/div><\/div><\/div>\t<\/div>\n\n\n<div class=\"wpb_row vc_inner vc_row vc_row-fluid jupiter-donut-   attched-false\">\n\t\t\t<div class=\"wpb_column vc_column_container vc_col-sm-12\"><div class=\"vc_column-inner\"><div class=\"wpb_wrapper\">\n\n\n<section id=\"gallery-loop-11\" data-query=\"eyJwb3N0X3R5cGUiOiJhdHRhY2htZW50IiwiY291bnQiOi0xLCJwb3N0cyI6IjIyMCwyMjEsMjIyLDIyMyIsIm9yZGVyYnkiOiJkYXRlIiwib3JkZXIiOiJBU0MifQ==\" data-loop-atts=\"eyJzaG9ydGNvZGVfbmFtZSI6Im1rX2dhbGxlcnkiLCJzdHlsZSI6ImdyaWQiLCJtYXNvbnJheV9zdHlsZSI6ImdyaWQiLCJob3Zlcl9zY2VuYXJpb3MiOiJub25lIiwiY29sbGVjdGlvbl90aXRsZSI6IiIsImRpc2FibGVfdGl0bGUiOiJmYWxzZSIsImNvbHVtbl9jc3MiOiJmb3VyLWNvbHVtbiIsImZyYW1lX3N0eWxlIjoic2ltcGxlIiwiY3VzdG9tX2xpbmtzIjpbIiJdLCJpbWFnZV9zaXplIjoiY3JvcCIsImhlaWdodCI6NTAwLCJjb2x1bW4iOiI0IiwiaWQiOjExLCJsYXp5bG9hZCI6ImZhbHNlIiwiaSI6MH0=\" data-pagination-style=\"1\" data-max-pages=\"0\" data-loop-iterator=\"-1\" class=\"mk-gallery  jupiter-donut- js-loop js-el jupiter-donut-clearfix mk-gallery-lazyload\">\n\n    \n<article class=\"four-column mk-gallery-item hover-none simple-frame hover-title-false\">\n    <div class=\"item-holder\">\n                <a href=\"https:\/\/fartud.ro\/wp-content\/uploads\/2021\/05\/ma-1.jpg\" alt=\"\" title=\"ma-1\" data-fancybox=\"gallery-11\" class=\"mk-lightbox full-cover-link\">&nbsp;<\/a>\n    \n\n\n\n <span class=\"gallery-inner\">\n\t<img decoding=\"async\" class=\"mk-gallery-image\" src=\"http:\/\/fartud.ro\/wp-content\/uploads\/bfi_thumb\/dummy-transparent-p6a0n7x2vsaaqlcaoopidss16heagx5hdu5kcakdmw.png\"\n\t\tdata-mk-image-src-set='{\"default\":\"https:\/\/fartud.ro\/wp-content\/uploads\/2021\/05\/ma-1.jpg\",\"2x\":\"https:\/\/fartud.ro\/wp-content\/uploads\/2021\/05\/ma-1.jpg\",\"mobile\":\"\",\"responsive\":\"true\"}'\t\theight=\"500\"\n\t\twidth=\"274\"\n\t\ttitle=\"ma-1\"\n\t\talt=\"\"  \/>\n <\/span>\n\n\n    <\/div>\n<\/article>\n<article class=\"four-column mk-gallery-item hover-none simple-frame hover-title-false\">\n    <div class=\"item-holder\">\n                <a href=\"https:\/\/fartud.ro\/wp-content\/uploads\/2021\/05\/ma-2.jpg\" alt=\"\" title=\"ma-2\" data-fancybox=\"gallery-11\" class=\"mk-lightbox full-cover-link\">&nbsp;<\/a>\n    \n\n\n\n <span class=\"gallery-inner\">\n\t<img decoding=\"async\" class=\"mk-gallery-image\" src=\"http:\/\/fartud.ro\/wp-content\/uploads\/bfi_thumb\/dummy-transparent-p6a0n7x2vsaaqlcaoopidss16heagx5hdu5kcakdmw.png\"\n\t\tdata-mk-image-src-set='{\"default\":\"https:\/\/fartud.ro\/wp-content\/uploads\/2021\/05\/ma-2.jpg\",\"2x\":\"https:\/\/fartud.ro\/wp-content\/uploads\/2021\/05\/ma-2.jpg\",\"mobile\":\"\",\"responsive\":\"true\"}'\t\theight=\"500\"\n\t\twidth=\"274\"\n\t\ttitle=\"ma-2\"\n\t\talt=\"\"  \/>\n <\/span>\n\n\n    <\/div>\n<\/article>\n<article class=\"four-column mk-gallery-item hover-none simple-frame hover-title-false\">\n    <div class=\"item-holder\">\n                <a href=\"https:\/\/fartud.ro\/wp-content\/uploads\/2021\/05\/ma-3.jpg\" alt=\"\" title=\"ma-3\" data-fancybox=\"gallery-11\" class=\"mk-lightbox full-cover-link\">&nbsp;<\/a>\n    \n\n\n\n <span class=\"gallery-inner\">\n\t<img decoding=\"async\" class=\"mk-gallery-image\" src=\"http:\/\/fartud.ro\/wp-content\/uploads\/bfi_thumb\/dummy-transparent-p6a0n7x2vsaaqlcaoopidss16heagx5hdu5kcakdmw.png\"\n\t\tdata-mk-image-src-set='{\"default\":\"https:\/\/fartud.ro\/wp-content\/uploads\/2021\/05\/ma-3.jpg\",\"2x\":\"https:\/\/fartud.ro\/wp-content\/uploads\/2021\/05\/ma-3.jpg\",\"mobile\":\"\",\"responsive\":\"true\"}'\t\theight=\"500\"\n\t\twidth=\"274\"\n\t\ttitle=\"ma-3\"\n\t\talt=\"\"  \/>\n <\/span>\n\n\n    <\/div>\n<\/article>\n<article class=\"four-column mk-gallery-item hover-none simple-frame hover-title-false\">\n    <div class=\"item-holder\">\n                <a href=\"https:\/\/fartud.ro\/wp-content\/uploads\/2021\/05\/ma-4.jpg\" alt=\"\" title=\"ma-4\" data-fancybox=\"gallery-11\" class=\"mk-lightbox full-cover-link\">&nbsp;<\/a>\n    \n\n\n\n <span class=\"gallery-inner\">\n\t<img decoding=\"async\" class=\"mk-gallery-image\" src=\"http:\/\/fartud.ro\/wp-content\/uploads\/bfi_thumb\/dummy-transparent-p6a0n7x2vsaaqlcaoopidss16heagx5hdu5kcakdmw.png\"\n\t\tdata-mk-image-src-set='{\"default\":\"https:\/\/fartud.ro\/wp-content\/uploads\/2021\/05\/ma-4.jpg\",\"2x\":\"https:\/\/fartud.ro\/wp-content\/uploads\/2021\/05\/ma-4.jpg\",\"mobile\":\"\",\"responsive\":\"true\"}'\t\theight=\"500\"\n\t\twidth=\"274\"\n\t\ttitle=\"ma-4\"\n\t\talt=\"\"  \/>\n <\/span>\n\n\n    <\/div>\n<\/article><div class=\"clearboth\"><\/div>\n<\/section>\n\n<input type=\"hidden\" id=\"safe_load_more\" name=\"safe_load_more\" value=\"f3a178bfe6\" \/><input type=\"hidden\" name=\"_wp_http_referer\" value=\"\/de\/wp-json\/wp\/v2\/pages\/18\" \/>\n<\/div><\/div><\/div>\t<\/div>\n\n\n<div class=\"wpb_row vc_inner vc_row vc_row-fluid jupiter-donut-   attched-false\">\n\t\t\t<div class=\"wpb_column vc_column_container vc_col-sm-6\"><div class=\"vc_column-inner\"><div class=\"wpb_wrapper\">\n<div id=\"padding-12\" class=\"mk-padding-divider jupiter-donut-  jupiter-donut-clearfix\"><\/div>\n\n\n<h2 id=\"fancy-title-13\" class=\"mk-fancy-title  simple-style jupiter-donut-  color-single\">\n\t<span>\n\t\t\t\t<p>Vorteile<\/p>\n\t\t\t<\/span>\n<\/h2>\n<div class=\"clearboth\"><\/div>\n\n\n\n\n<div id=\"list-14\" class=\"mk-list-styles  mk-align-none  jupiter-donut- jupiter-donut-clear\" data-charcode=\"mk-icon-check\" data-family=\"\">\n\n\t\n\t<ul>\n<li><svg  class=\"mk-svg-icon\" data-name=\"mk-icon-check\" data-cacheid=\"icon-69dae96cdd188\" style=\" height:16px; width: 16px; \"  xmlns=\"http:\/\/www.w3.org\/2000\/svg\" viewbox=\"0 0 1792 1792\"><path d=\"M1671 566q0 40-28 68l-724 724-136 136q-28 28-68 28t-68-28l-136-136-362-362q-28-28-28-68t28-68l136-136q28-28 68-28t68 28l294 295 656-657q28-28 68-28t68 28l136 136q28 28 28 68z\"\/><\/svg>\n<p dir=\"ltr\">Sortierung KLT, Ablagen, Schachteldeckel, Trenner, usw.<\/p>\n<p dir=\"ltr\">\n<\/li>\n<li><svg  class=\"mk-svg-icon\" data-name=\"mk-icon-check\" data-cacheid=\"icon-69dae96cdd188\" style=\" height:16px; width: 16px; \"  xmlns=\"http:\/\/www.w3.org\/2000\/svg\" viewbox=\"0 0 1792 1792\"><path d=\"M1671 566q0 40-28 68l-724 724-136 136q-28 28-68 28t-68-28l-136-136-362-362q-28-28-28-68t28-68l136-136q28-28 68-28t68 28l294 295 656-657q28-28 68-28t68 28l136 136q28 28 28 68z\"\/><\/svg>\n<p dir=\"ltr\">\u00a0\u2022   Schnele Beladungs \/ Entladungsdauer wegen den 54 Rampen<\/p>\n<p dir=\"ltr\">\n<\/li>\n<li><svg  class=\"mk-svg-icon\" data-name=\"mk-icon-check\" data-cacheid=\"icon-69dae96cdd188\" style=\" height:16px; width: 16px; \"  xmlns=\"http:\/\/www.w3.org\/2000\/svg\" viewbox=\"0 0 1792 1792\"><path d=\"M1671 566q0 40-28 68l-724 724-136 136q-28 28-68 28t-68-28l-136-136-362-362q-28-28-28-68t28-68l136-136q28-28 68-28t68 28l294 295 656-657q28-28 68-28t68 28l136 136q28 28 28 68z\"\/><\/svg>\n<p dir=\"ltr\">\u00a0Das Waschprogramm kann angepasst werden nach der Verpackungsart<\/p>\n<p dir=\"ltr\">\n<\/li>\n<li><svg  class=\"mk-svg-icon\" data-name=\"mk-icon-check\" data-cacheid=\"icon-69dae96cdd188\" style=\" height:16px; width: 16px; \"  xmlns=\"http:\/\/www.w3.org\/2000\/svg\" viewbox=\"0 0 1792 1792\"><path d=\"M1671 566q0 40-28 68l-724 724-136 136q-28 28-68 28t-68-28l-136-136-362-362q-28-28-28-68t28-68l136-136q28-28 68-28t68 28l294 295 656-657q28-28 68-28t68 28l136 136q28 28 28 68z\"\/><\/svg>\n<p dir=\"ltr\">\u00a04 Austrocknungsmodulle<\/p>\n<\/li>\n<\/ul>\n\n<\/div>\n<\/div><\/div><\/div><div class=\"wpb_column vc_column_container vc_col-sm-6\"><div class=\"vc_column-inner\"><div class=\"wpb_wrapper\"><\/div><\/div><\/div>\t<\/div>\n<\/div>\n\t\t\t<\/div>\n\t<\/div>\n<div class=\"vc_row-full-width vc_clearfix\"><\/div>","protected":false},"excerpt":{"rendered":"","protected":false},"author":1,"featured_media":0,"parent":12,"menu_order":0,"comment_status":"closed","ping_status":"closed","template":"","meta":{"footnotes":""},"class_list":["post-18","page","type-page","status-publish","hentry"],"_links":{"self":[{"href":"https:\/\/fartud.ro\/de\/wp-json\/wp\/v2\/pages\/18","targetHints":{"allow":["GET"]}}],"collection":[{"href":"https:\/\/fartud.ro\/de\/wp-json\/wp\/v2\/pages"}],"about":[{"href":"https:\/\/fartud.ro\/de\/wp-json\/wp\/v2\/types\/page"}],"author":[{"embeddable":true,"href":"https:\/\/fartud.ro\/de\/wp-json\/wp\/v2\/users\/1"}],"replies":[{"embeddable":true,"href":"https:\/\/fartud.ro\/de\/wp-json\/wp\/v2\/comments?post=18"}],"version-history":[{"count":5,"href":"https:\/\/fartud.ro\/de\/wp-json\/wp\/v2\/pages\/18\/revisions"}],"predecessor-version":[{"id":393,"href":"https:\/\/fartud.ro\/de\/wp-json\/wp\/v2\/pages\/18\/revisions\/393"}],"up":[{"embeddable":true,"href":"https:\/\/fartud.ro\/de\/wp-json\/wp\/v2\/pages\/12"}],"wp:attachment":[{"href":"https:\/\/fartud.ro\/de\/wp-json\/wp\/v2\/media?parent=18"}],"curies":[{"name":"wp","href":"https:\/\/api.w.org\/{rel}","templated":true}]}}