{"id":8,"date":"2021-04-27T19:19:09","date_gmt":"2021-04-27T19:19:09","guid":{"rendered":"http:\/\/fartud.ro\/?page_id=8"},"modified":"2023-04-10T08:38:10","modified_gmt":"2023-04-10T08:38:10","slug":"despre-fartud","status":"publish","type":"page","link":"https:\/\/fartud.ro\/de\/despre-fartud\/","title":{"rendered":"\u00dcber Fartud"},"content":{"rendered":"<div class=\"mk-page-section-wrapper\" data-mk-full-width=\"true\" data-mk-full-width-init=\"true\" data-mk-stretch-content=\"true\">\n\t<div id=\"page-section-1\" class=\"mk-page-section self-hosted   full_layout full-width-1 js-el js-master-row jupiter-donut-\"    data-intro-effect=\"false\">\n\n\t\t\t\n\t\t\t<div class=\"mk-page-section-inner\">\n\t\t\t\t\n\n\n<div class=\"mk-video-color-mask\"><\/div>\n\n\t\t\t\t\n\t\t\t\t\n\t\n\t<div class=\"background-layer-holder\">\n\t\t<div id=\"background-layer--1\" data-mk-lazyload=\"false\" class=\"background-layer mk-background-stretch none-blend-effect js-el\"    data-mk-img-set='{\"landscape\":{\"desktop\":\"https:\/\/fartud.ro\/wp-content\/uploads\/2021\/04\/24221banner-general2.jpg\",\"tablet\":\"https:\/\/fartud.ro\/wp-content\/uploads\/2021\/04\/24221banner-general2-1024x768.jpg\",\"mobile\":\"https:\/\/fartud.ro\/wp-content\/uploads\/2021\/04\/24221banner-general2-736x414.jpg\"},\"responsive\":\"true\"}' >\n\t\t\t\t\t\t\t\t\t<div class=\"mk-color-layer\"><\/div>\n\t\t<\/div>\n\t<\/div>\n\n\t\t\t<\/div>\n\n\t\t\t\n        <div class=\"page-section-content vc_row-fluid mk-grid\" >\n            <div class=\"mk-padding-wrapper wpb_row\">\n<div class=\"vc_col-sm-12 wpb_column column_container  jupiter-donut- _ jupiter-donut-height-full\">\n\t<\/div>\n<\/div>\n            <div class=\"clearboth\"><\/div>\n        <\/div>\n\n\n\t\t\t\n\t\t\t\n\t\t\t<div class=\"mk-shape-divider mk-shape-divider--stick folded-bottom-style small-size mk-shape-divider--stick-bottom\" id=\"mk-shape-divider-3\">\n\t\t\t<div class=\"shape__container\">\n\t\t\t\t<div class=\"shape\">\n\t\t\t\t\n\t\t<svg width=\"100%\" height=\"85px\">\n\t\t\t<defs>\n\t\t\t    <pattern id=\"shapeDividerPattern-3\" preserveaspectratio=\"none\" style=\"background-repeat: none;\" patternunits=\"userSpaceOnUse\" x=\"0\" y=\"0\" width=\"100%\" height=\"850px\" viewbox=\"0 0 100 850\">\n\t\t\t        <polygon fill=\"#fff\" points=\"0,0 0,84 50,84 100,84 100,0 50,84 \"><\/polygon>\n\t\t\t    <\/pattern>\n\t\t\t<\/defs>\n\n\t\t\t<!-- Background -->\n\t\t\t<rect x=\"0\" y=\"0\" width=\"100%\" height=\"85px\" fill=\"url(#shapeDividerPattern-3)\"><\/rect>\n\t\t<\/svg>\n\t<\/div>\n\t\t\t<\/div>\n\t\t<\/div>\n\t\t<div class=\"clearboth\"><\/div>\n\t<\/div>\n<\/div>\n<div class=\"vc_row-full-width vc_clearfix\"><\/div>\n\n\n<div  data-mk-full-width=\"true\" data-mk-full-width-init=\"false\" class=\"wpb_row vc_row vc_row-fluid jupiter-donut- mk-fullwidth-true  attched-false    vc_custom_1619588464657  js-master-row\">\n\t\t\t<div class=\"mk-grid\">\n\t\t\t\t\n<div class=\"vc_col-sm-12 wpb_column column_container  jupiter-donut- _ jupiter-donut-height-full\">\n\t\n<div id=\"padding-5\" class=\"mk-padding-divider jupiter-donut-  jupiter-donut-clearfix\"><\/div>\n\n\n<h2 id=\"fancy-title-6\" class=\"mk-fancy-title  simple-style jupiter-donut-  color-single\">\n\t<span>\n\t\t\t\t<p>\u00dcber Fartud<\/p>\n\t\t\t<\/span>\n<\/h2>\n<div class=\"clearboth\"><\/div>\n\n\n\n<div id=\"mk-ornamental-title-7\" class=\"mk-ornamental-title norman-single title_as_text jupiter-donut-\"> <h2 class=\"title\"><span class=\"title-text\">Die Gesellschaft<\/span><\/h2>\n<\/div>\n\n<div class=\"wpb_row vc_inner vc_row vc_row-fluid jupiter-donut-   attched-false\">\n\t\t\t<div class=\"wpb_column vc_column_container vc_col-sm-6\"><div class=\"vc_column-inner\"><div class=\"wpb_wrapper\">\t<div class=\"vc_custom_1623233254403\">\n\n<div id=\"text-block-8\" class=\"mk-text-block  jupiter-donut-\">\n\n\t\n\t<p dir=\"ltr\" style=\"text-align: justify;\">Wir sind eine internationale Spedition in der Metropolregion Temeswar.<\/p>\n<p dir=\"ltr\" style=\"text-align: justify;\">Im Jahr 2002 gegr\u00fcndet, geh\u00f6ren wir heute zu den erfolgreichen Transport- und Logistikunternehmen im Westen Rumaeniens.\nWir sind weltweit t\u00e4tig und agieren im nationalen wie auch im internationalen Bereich mit zuverl\u00e4ssigen langj\u00e4hrigen Partnern zusammen.<\/p>\n<p dir=\"ltr\" style=\"text-align: justify;\">Durch eine seri\u00f6se Personalpolitik und stetige interne und externe Schulung verf\u00fcgen wir \u00fcber einen best\u00e4ndigen, hochmotivierten Mitarbeiterstamm, der \u00fcber langj\u00e4hrige Erfahrung verf\u00fcgt und einen hohen Qualit\u00e4tsstandard garantiert.\n<br>\nAls mittelst\u00e4ndisches und inhabergef\u00fchrtes Unternehmen bieten wir unseren Mitarbeitern viel Freiraum f\u00fcr ihr Handeln. Damit unterst\u00fctzen wir unsere Kunden um Ihre individuellen Bed\u00fcrfnisse mit flexiblen und ma\u00dfgeschneiderten Logistik-L\u00f6sungen.<\/p>\n\n\t<div class=\"clearboth\"><\/div>\n<\/div>\n\n\t<\/div>\n\n<div id=\"padding-9\" class=\"mk-padding-divider jupiter-donut-  jupiter-donut-clearfix\"><\/div>\n\n<\/div><\/div><\/div><div class=\"wpb_column vc_column_container vc_col-sm-6\"><div class=\"vc_column-inner\"><div class=\"wpb_wrapper\">\n\t<div  class=\"wpb_single_image wpb_content_element vc_align_center\">\n\t\t\n\t\t<figure class=\"wpb_wrapper vc_figure\">\n\t\t\t<div class=\"vc_single_image-wrapper   vc_box_border_grey\"><img loading=\"lazy\" decoding=\"async\" width=\"1186\" height=\"622\" src=\"https:\/\/fartud.ro\/wp-content\/uploads\/2021\/05\/camion-despre-noi-1.jpg\" class=\"vc_single_image-img attachment-full\" alt=\"\" srcset=\"https:\/\/fartud.ro\/wp-content\/uploads\/2021\/05\/camion-despre-noi-1.jpg 1186w, https:\/\/fartud.ro\/wp-content\/uploads\/2021\/05\/camion-despre-noi-1-300x157.jpg 300w, https:\/\/fartud.ro\/wp-content\/uploads\/2021\/05\/camion-despre-noi-1-1024x537.jpg 1024w, https:\/\/fartud.ro\/wp-content\/uploads\/2021\/05\/camion-despre-noi-1-768x403.jpg 768w\" sizes=\"auto, (max-width: 1186px) 100vw, 1186px\" itemprop=\"image\" \/><\/div>\n\t\t<\/figure>\n\t<\/div>\n<\/div><\/div><\/div>\t<\/div>\n\n\n<div class=\"wpb_row vc_inner vc_row vc_row-fluid jupiter-donut-   attched-false\">\n\t\t\t<div class=\"wpb_column vc_column_container vc_col-sm-12\"><div class=\"vc_column-inner\"><div class=\"wpb_wrapper\">\n<h2 id=\"fancy-title-10\" class=\"mk-fancy-title  simple-style jupiter-donut-  color-single\">\n\t<span>\n\t\t\t\t<p>Vorteile<\/p>\n\t\t\t<\/span>\n<\/h2>\n<div class=\"clearboth\"><\/div>\n\n\n\n<\/div><\/div><\/div>\t<\/div>\n\n\n<div class=\"wpb_row vc_inner vc_row vc_row-fluid jupiter-donut-   attched-false\">\n\t\t\t<div class=\"wpb_column vc_column_container vc_col-sm-2\"><div class=\"vc_column-inner\"><div class=\"wpb_wrapper\"><div id=\"mk-icon-box-11\" class=\"mk-box-icon-2  jupiter-donut- box-align-center\">    <div class=\"mk-box-icon-2-image\" style=\"width:64px;\">        <img decoding=\"async\" src=\"http:\/\/fartud.ro\/wp-content\/uploads\/2021\/05\/depozitare.jpg\" alt=\"Depozit modern\" \/>    <\/div>    <h3 class=\"mk-box-icon-2-title\">Modernes Lager<\/h3>    <p class=\"mk-box-icon-2-content\">Modernes Lager von 42000 qm gelegen im Westen Rum\u00e4niens, neben Timi\u0219oara<\/p><\/div><\/div><\/div><\/div><div class=\"wpb_column vc_column_container vc_col-sm-2\"><div class=\"vc_column-inner\"><div class=\"wpb_wrapper\"><div id=\"mk-icon-box-12\" class=\"mk-box-icon-2  jupiter-donut- box-align-center\">    <div class=\"mk-box-icon-2-image\" style=\"width:64px;\">        <img decoding=\"async\" src=\"http:\/\/fartud.ro\/wp-content\/uploads\/2021\/05\/flota-camioane.jpg\" alt=\"Flot\u0103 proprie\" \/>    <\/div>    <h3 class=\"mk-box-icon-2-title\">Eigener Fuhrpark<\/h3>    <p class=\"mk-box-icon-2-content\">Wir besitzen einen eigenen Fuhrpark mit \u00fcber 250 modernen LKW\u00b4s<\/p><\/div><\/div><\/div><\/div><div class=\"wpb_column vc_column_container vc_col-sm-2\"><div class=\"vc_column-inner\"><div class=\"wpb_wrapper\"><div id=\"mk-icon-box-13\" class=\"mk-box-icon-2  jupiter-donut- box-align-center\">    <div class=\"mk-box-icon-2-image\" style=\"width:64px;\">        <img decoding=\"async\" src=\"http:\/\/fartud.ro\/wp-content\/uploads\/2021\/05\/hub.jpg\" alt=\"Hub Automotive\" \/>    <\/div>    <h3 class=\"mk-box-icon-2-title\">Hub Automotive<\/h3>    <p class=\"mk-box-icon-2-content\">Zugang zu eines der gr\u00f6\u00dften Zentren der Automobilindustrie<\/p><\/div><\/div><\/div><\/div><div class=\"wpb_column vc_column_container vc_col-sm-2\"><div class=\"vc_column-inner\"><div class=\"wpb_wrapper\"><div id=\"mk-icon-box-14\" class=\"mk-box-icon-2  jupiter-donut- box-align-center\">    <div class=\"mk-box-icon-2-image\" style=\"width:64px;\">        <img decoding=\"async\" src=\"http:\/\/fartud.ro\/wp-content\/uploads\/2021\/05\/vama-2.jpg\" alt=\"Pozi\u0163ionare\" \/>    <\/div>    <h3 class=\"mk-box-icon-2-title\">Standort<\/h3>    <p class=\"mk-box-icon-2-content\">Rascher Zugang au\u00dferhalb der Grenzen Rum\u00e4niens<\/p><\/div><\/div><\/div><\/div><div class=\"wpb_column vc_column_container vc_col-sm-2\"><div class=\"vc_column-inner\"><div class=\"wpb_wrapper\"><div id=\"mk-icon-box-15\" class=\"mk-box-icon-2  jupiter-donut- box-align-center\">    <div class=\"mk-box-icon-2-image\" style=\"width:64px;\">        <img decoding=\"async\" src=\"http:\/\/fartud.ro\/wp-content\/uploads\/2021\/05\/personal.jpg\" alt=\"Echipa\" \/>    <\/div>    <h3 class=\"mk-box-icon-2-title\">Team<\/h3>    <p class=\"mk-box-icon-2-content\">Qualifizierte Belegschaft, kompetente Fachleute mit Erfahrung<\/p><\/div><\/div><\/div><\/div><div class=\"wpb_column vc_column_container vc_col-sm-2\"><div class=\"vc_column-inner\"><div class=\"wpb_wrapper\"><div id=\"mk-icon-box-16\" class=\"mk-box-icon-2  jupiter-donut- box-align-center\">    <div class=\"mk-box-icon-2-image\" style=\"width:64px;\">        <img decoding=\"async\" src=\"http:\/\/fartud.ro\/wp-content\/uploads\/2021\/05\/parteneri.jpg\" alt=\"Parteneriate\" \/>    <\/div>    <h3 class=\"mk-box-icon-2-title\">Partnerschaften<\/h3>    <p class=\"mk-box-icon-2-content\">Fester Netz von Partnergesellschaftenn in ganz Europa und im Nahosten<\/p><\/div><\/div><\/div><\/div>\t<\/div>\n\n<div id=\"padding-17\" class=\"mk-padding-divider jupiter-donut-  jupiter-donut-clearfix\"><\/div>\n\n<\/div>\n\t\t\t<\/div>\n\t<\/div>\n<div class=\"vc_row-full-width vc_clearfix\"><\/div>\n<div class=\"mk-page-section-wrapper\" data-mk-full-width=\"true\" data-mk-full-width-init=\"true\" data-mk-stretch-content=\"true\">\n\t<div id=\"page-section-18\" class=\"mk-page-section self-hosted   full_layout full-width-18 js-el js-master-row jupiter-donut-\"    data-intro-effect=\"false\">\n\n\t\t\t<div class=\"mk-shape-divider mk-shape-divider--stick folded-top-style small-size mk-shape-divider--stick-top\" id=\"mk-shape-divider-19\">\n\t\t\t<div class=\"shape__container\">\n\t\t\t\t<div class=\"shape\">\n\t\t\t\t\n\t\t<svg width=\"100%\" height=\"85px\">\n\t\t\t<defs>\n\t\t\t    <pattern id=\"shapeDividerPattern-19\" preserveaspectratio=\"none\" style=\"background-repeat: none;\" patternunits=\"userSpaceOnUse\" x=\"0\" y=\"0\" width=\"100%\" height=\"850px\" viewbox=\"0 0 100 850\">\n\t\t\t        <polygon fill=\"#fff\" points=\"100,85 100,0 50,0 \"><\/polygon><polygon fill=\"#fff\" points=\"0,85 0,0 50,0 \"><\/polygon>\n\t\t\t    <\/pattern>\n\t\t\t<\/defs>\n\n\t\t\t<!-- Background -->\n\t\t\t<rect x=\"0\" y=\"0\" width=\"100%\" height=\"85px\" fill=\"url(#shapeDividerPattern-19)\"><\/rect>\n\t\t<\/svg>\n\t<\/div>\n\t\t\t<\/div>\n\t\t<\/div>\n\t\t\t<div class=\"mk-page-section-inner\">\n\t\t\t\t\n\n\n<div class=\"mk-video-color-mask\"><\/div>\n\n\t\t\t\t\n\t\t\t\t\n\t\t\t<div class=\"mk-section-preloader js-el\" data-mk-component=\"Preloader\">\n\t\t\t<div class=\"mk-section-preloader__icon\"><\/div>\n\t\t<\/div>\n\t\n\t<div class=\"background-layer-holder\">\n\t\t<div id=\"background-layer--18\" data-mk-lazyload=\"false\" class=\"background-layer mk-background-stretch none-blend-effect js-el\" data-mk-component=\"Parallax\" data-parallax-config='{\"speed\" : 0.3 }'  data-mk-img-set='{\"landscape\":{\"desktop\":\"https:\/\/fartud.ro\/wp-content\/uploads\/2021\/05\/bg-green-vision-2.jpg\",\"tablet\":\"https:\/\/fartud.ro\/wp-content\/uploads\/2021\/05\/bg-green-vision-2-1024x768.jpg\",\"mobile\":\"https:\/\/fartud.ro\/wp-content\/uploads\/2021\/05\/bg-green-vision-2-736x414.jpg\"},\"responsive\":\"true\"}' >\n\t\t\t\t\t\t\t\t\t<div class=\"mk-color-layer\"><\/div>\n\t\t<\/div>\n\t<\/div>\n\n\t\t\t<\/div>\n\n\t\t\t\n        <div class=\"page-section-content vc_row-fluid mk-grid\" >\n            <div class=\"mk-padding-wrapper wpb_row\">\n<div class=\"vc_col-sm-12 wpb_column column_container  jupiter-donut- _ jupiter-donut-height-full\">\n\t\n<div id=\"padding-21\" class=\"mk-padding-divider jupiter-donut-  jupiter-donut-clearfix\"><\/div>\n\n\n<h2 id=\"fancy-title-22\" class=\"mk-fancy-title  simple-style jupiter-donut-  color-single\">\n\t<span>\n\t\t\t\t<p>Green Vision<\/p>\n\t\t\t<\/span>\n<\/h2>\n<div class=\"clearboth\"><\/div>\n\n\n\n\n\n<div class=\"wpb_row vc_inner vc_row vc_row-fluid jupiter-donut-   attched-false\">\n\t\t\t<div class=\"wpb_column vc_column_container vc_col-sm-6\"><div class=\"vc_column-inner\"><div class=\"wpb_wrapper\">\t<div class=\"vc_custom_1621393229290\">\n\n<div id=\"text-block-23\" class=\"mk-text-block  jupiter-donut-\">\n\n\t\n\t<p><span class=\"VIiyi\" lang=\"ro\" style=\"color: #ffffff;\"><span class=\"JLqJ4b ChMk0b\" data-language-for-alternatives=\"ro\" data-language-to-translate-into=\"en\" data-phrase-index=\"0\">Als Teil unserer Vision verfolgt Fartud die Gegenst\u00e4nde zur Reduktion der CO2-Emissionen mit 30% bis im Jahr 2030.<br \/>\n<\/span> <span class=\"JLqJ4b ChMk0b\" data-language-for-alternatives=\"ro\" data-language-to-translate-into=\"en\" data-phrase-index=\"1\">Demzufolge sind wir die einzige Transportgesellschaft aus Rum\u00e4nien welche LNG-LKW\u00b4s bestellte, f\u00fcr die weitere Entwicklung des Fuhrparks.<\/span><\/span><\/p>\n\n\t<div class=\"clearboth\"><\/div>\n<\/div>\n\n\t<\/div>\n<\/div><\/div><\/div><div class=\"wpb_column vc_column_container vc_col-sm-6\"><div class=\"vc_column-inner\"><div class=\"wpb_wrapper\"><\/div><\/div><\/div>\t<\/div>\n\n\n<div class=\"wpb_row vc_inner vc_row vc_row-fluid jupiter-donut-   attched-false\">\n\t\t\t<div class=\"wpb_column vc_column_container vc_col-sm-4\"><div class=\"vc_column-inner\"><div class=\"wpb_wrapper\">\n\t<div  class=\"wpb_single_image wpb_content_element vc_align_center  wpb_animate_when_almost_visible wpb_fadeInLeft fadeInLeft\">\n\t\t\n\t\t<figure class=\"wpb_wrapper vc_figure\">\n\t\t\t<div class=\"vc_single_image-wrapper   vc_box_border_grey\"><img loading=\"lazy\" decoding=\"async\" width=\"227\" height=\"171\" src=\"https:\/\/fartud.ro\/wp-content\/uploads\/2021\/05\/transport-1.png\" class=\"vc_single_image-img attachment-full\" alt=\"\" itemprop=\"image\" \/><\/div>\n\t\t<\/figure>\n\t<\/div>\n\t<div class=\"vc_custom_1621395309037\">\n\n<div id=\"text-block-24\" class=\"mk-text-block  jupiter-donut-\">\n\n\t\n\t<p><span class=\"VIiyi\" lang=\"ro\" style=\"color: #000000;\"><span class=\"JLqJ4b ChMk0b\" data-language-for-alternatives=\"ro\" data-language-to-translate-into=\"en\" data-phrase-index=\"0\"><span style=\"color: #ffffff;\">Die Entwicklungsstrategie setzt den Ankauf  von neuen LKW\u00b4s angetrieben mit LNG voraus.<\/span><br \/>\n<span style=\"color: #ffffff;\"><span class=\"VIiyi\" lang=\"ro\">Diese haben eine Emissionsreduktion von 20% Kohlenstoffbioxid und die Verbrennung strahlt keinen Ru\u00df, Staub oder Dampf aus.<\/span>.<\/span><br \/>\n<\/span><\/span><\/p>\n\n\t<div class=\"clearboth\"><\/div>\n<\/div>\n\n\t<\/div>\n<\/div><\/div><\/div><div class=\"wpb_column vc_column_container vc_col-sm-4\"><div class=\"vc_column-inner\"><div class=\"wpb_wrapper\">\n\t<div  class=\"wpb_single_image wpb_content_element vc_align_center  wpb_animate_when_almost_visible wpb_fadeInLeft fadeInLeft\">\n\t\t\n\t\t<figure class=\"wpb_wrapper vc_figure\">\n\t\t\t<div class=\"vc_single_image-wrapper   vc_box_border_grey\"><img loading=\"lazy\" decoding=\"async\" width=\"227\" height=\"171\" src=\"https:\/\/fartud.ro\/wp-content\/uploads\/2021\/05\/panou-solar.png\" class=\"vc_single_image-img attachment-full\" alt=\"\" itemprop=\"image\" \/><\/div>\n\t\t<\/figure>\n\t<\/div>\n\t<div class=\"vc_custom_1621395768809\">\n\n<div id=\"text-block-25\" class=\"mk-text-block  jupiter-donut-\">\n\n\t\n\t<p><span class=\"VIiyi\" lang=\"ro\" style=\"color: #000000;\"><span class=\"JLqJ4b ChMk0b\" data-language-for-alternatives=\"ro\" data-language-to-translate-into=\"en\" data-phrase-index=\"0\"><span style=\"color: #ffffff;\">Ein gro\u00dfer Teil der elektrischen Energie n\u00f6tig in den Lagerr\u00e4umen Fartud wird durch Solarschilder erzeugt, wobei die Umweltverschmutzung somit minimal verringert wird.<\/span><br \/>\n<\/span><\/span><\/p>\n\n\t<div class=\"clearboth\"><\/div>\n<\/div>\n\n\t<\/div>\n<\/div><\/div><\/div><div class=\"wpb_column vc_column_container vc_col-sm-4\"><div class=\"vc_column-inner\"><div class=\"wpb_wrapper\">\n\t<div  class=\"wpb_single_image wpb_content_element vc_align_center  wpb_animate_when_almost_visible wpb_fadeInLeft fadeInLeft\">\n\t\t\n\t\t<figure class=\"wpb_wrapper vc_figure\">\n\t\t\t<div class=\"vc_single_image-wrapper   vc_box_border_grey\"><img loading=\"lazy\" decoding=\"async\" width=\"227\" height=\"171\" src=\"https:\/\/fartud.ro\/wp-content\/uploads\/2021\/05\/padure.png\" class=\"vc_single_image-img attachment-full\" alt=\"\" itemprop=\"image\" \/><\/div>\n\t\t<\/figure>\n\t<\/div>\n\t<div class=\"vc_custom_1621396221562\">\n\n<div id=\"text-block-26\" class=\"mk-text-block  jupiter-donut-\">\n\n\t\n\t<p><span class=\"VIiyi\" lang=\"ro\" style=\"color: #000000;\"><span class=\"JLqJ4b ChMk0b\" data-language-for-alternatives=\"ro\" data-language-to-translate-into=\"en\" data-phrase-index=\"0\"><span style=\"color: #ffffff;\">Die Gesellschaft Fartud unterst\u00fctzt dauernd die Bewaldungshandlungen aus Rum\u00e4nien. <\/span><span style=\"color: #ffffff;\">Wir trugen zur Pflanzung von mehr als 15000 B\u00e4ume bei, welche ungef\u00e4hr 3 Hektar Wald darstellen.<\/span><br \/>\n<\/span><\/span><\/p>\n\n\t<div class=\"clearboth\"><\/div>\n<\/div>\n\n\t<\/div>\n<\/div><\/div><\/div>\t<\/div>\n\n<div id=\"padding-27\" class=\"mk-padding-divider jupiter-donut-  jupiter-donut-clearfix\"><\/div>\n\n\n<div id=\"mk-button-28\" class=\"mk-button-container _ jupiter-donut-relative    jupiter-donut-block jupiter-donut-text-center\">\n\n\t\n\t\t<a href=\"https:\/\/fartud.ro\/de\/green-vision-2030\/\" target=\"_self\" class=\"mk-button js-smooth-scroll mk-button--dimension-outline mk-button--size-large mk-button--corner-rounded skin-light _ jupiter-donut-relative jupiter-donut-text-center jupiter-donut-font-weight-700 jupiter-donut-no-backface  jupiter-donut-letter-spacing-2 jupiter-donut-inline-block\"><span class=\"mk-button--text\">Mehr erfahren<\/span><\/a>\n\n\t\n<\/div>\n\n<div id=\"padding-29\" class=\"mk-padding-divider jupiter-donut-  jupiter-donut-clearfix\"><\/div>\n\n<\/div>\n<\/div>\n            <div class=\"clearboth\"><\/div>\n        <\/div>\n\n\n\t\t\t\n\t\t\t\n\t\t\t\n\t\t<div class=\"clearboth\"><\/div>\n\t<\/div>\n<\/div>\n<div class=\"vc_row-full-width vc_clearfix\"><\/div>\n\n\n<div  data-mk-stretch-content=\"true\" class=\"wpb_row vc_row vc_row-fluid jupiter-donut- mk-fullwidth-false  attched-false     js-master-row  mk-grid\">\n\t\t\t\t\n<div class=\"vc_col-sm-12 wpb_column column_container  jupiter-donut- _ jupiter-donut-height-full\">\n\t\n\n<div class=\"wpb_row vc_inner vc_row vc_row-fluid jupiter-donut-   attched-false\">\n\t\t\t<div class=\"wpb_column vc_column_container vc_col-sm-12\"><div class=\"vc_column-inner\"><div class=\"wpb_wrapper\">\n<div id=\"padding-31\" class=\"mk-padding-divider jupiter-donut-  jupiter-donut-clearfix\"><\/div>\n\n\n<h2 id=\"fancy-title-32\" class=\"mk-fancy-title  simple-style jupiter-donut-  color-single\">\n\t<span>\n\t\t\t\t<p>Werte FARTUD<\/p>\n\t\t\t<\/span>\n<\/h2>\n<div class=\"clearboth\"><\/div>\n\n\n\n<\/div><\/div><\/div>\t<\/div>\n\n\n<div class=\"wpb_row vc_inner vc_row vc_row-fluid jupiter-donut-   attched-false\">\n\t\t\t<div class=\"wpb_column vc_column_container vc_col-sm-6\"><div class=\"vc_column-inner\"><div class=\"wpb_wrapper\">\n<div id=\"box-icon-33\" class=\"mk-box-icon  jupiter-donut- simple_minimal-style   jupiter-donut-clearfix\">\n\n    <h4 class=\"icon-box-title\"><i class=\"mk-main-ico medium\"><svg  class=\"mk-svg-icon\" data-name=\"mk-moon-arrow-right-17\" data-cacheid=\"icon-69db2396e9712\" xmlns=\"http:\/\/www.w3.org\/2000\/svg\" viewbox=\"0 0 512 512\"><path d=\"M128 512l256-256-256-256 128 256z\"\/><\/svg><\/i><span>Unsere Mission<\/span><div class=\"clearboth\"><\/div><\/h4><p style=\"text-align: justify;\"><span class=\"VIiyi\" lang=\"ro\"><span class=\"JLqJ4b ChMk0b\" data-language-for-alternatives=\"ro\" data-language-to-translate-into=\"de\" data-phrase-index=\"7\">Unseren Kunden und Transportpartnern bieten wir Zuverl\u00e4ssigkeit, Sicherheit, Flexibilit\u00e4t und Qualit\u00e4t auf h\u00f6chstem Niveau.<\/span> <span class=\"JLqJ4b ChMk0b\" data-language-for-alternatives=\"ro\" data-language-to-translate-into=\"de\" data-phrase-index=\"8\">F\u00fcr unsere Mitarbeiter schaffen wir ein positives Arbeitsklima, welches den Menschen stark ber\u00fccksichtigt.<\/span> <span class=\"JLqJ4b ChMk0b\" data-language-for-alternatives=\"ro\" data-language-to-translate-into=\"de\" data-phrase-index=\"9\">Daraus sch\u00f6pfen unsere Mitarbeiter Motivation und Anerkennung. Und das merken wiederum unsere Partner.<\/span><\/span><\/p>\n\n    <div class=\"clearboth\"><\/div>\n<\/div>\n\n\n\n\n<\/div><\/div><\/div><div class=\"wpb_column vc_column_container vc_col-sm-6\"><div class=\"vc_column-inner\"><div class=\"wpb_wrapper\">\n<div id=\"box-icon-34\" class=\"mk-box-icon  jupiter-donut- simple_minimal-style   jupiter-donut-clearfix\">\n\n    <h4 class=\"icon-box-title\"><i class=\"mk-main-ico medium\"><svg  class=\"mk-svg-icon\" data-name=\"mk-moon-arrow-right-17\" data-cacheid=\"icon-69db2396f3a4a\" xmlns=\"http:\/\/www.w3.org\/2000\/svg\" viewbox=\"0 0 512 512\"><path d=\"M128 512l256-256-256-256 128 256z\"\/><\/svg><\/i><span>Philosophie<\/span><div class=\"clearboth\"><\/div><\/h4><p style=\"text-align: justify;\" class=\" translation-block\">Seit 21 Jahren verstehen wir uns als Partner unserer Kunden. Wir sind \u00fcberzeugt: Vertrauen, Transparenz und offene Kommunikation sind Basis einer jeden guten und ehrlichen Zusammenarbeit.<\/p>\n\n    <div class=\"clearboth\"><\/div>\n<\/div>\n\n\n\n\n<\/div><\/div><\/div>\t<\/div>\n<\/div>\n\t<\/div>","protected":false},"excerpt":{"rendered":"Despre Fartud Companie Cu sediul \u00een Timi\u0219oara, Fartud este o companie care furnizeaz\u0103 servicii complete de transport \u0219i logistic\u0103. Fartud a luat fiin\u021b\u0103 \u00een 2002, av\u00e2nd ca domeniu principal de activitate transportul intern \u0219i interna\u021bional de m\u0103rfuri, \u00een regim LTL \u0219i FTL. Pentru o gestiune c\u00e2t mai eficient\u0103 a solicit\u0103rilor clien\u021bilor \u0219i partenerilor, compania \u0219i-a [...]","protected":false},"author":1,"featured_media":0,"parent":0,"menu_order":0,"comment_status":"closed","ping_status":"closed","template":"","meta":{"footnotes":""},"class_list":["post-8","page","type-page","status-publish","hentry"],"_links":{"self":[{"href":"https:\/\/fartud.ro\/de\/wp-json\/wp\/v2\/pages\/8","targetHints":{"allow":["GET"]}}],"collection":[{"href":"https:\/\/fartud.ro\/de\/wp-json\/wp\/v2\/pages"}],"about":[{"href":"https:\/\/fartud.ro\/de\/wp-json\/wp\/v2\/types\/page"}],"author":[{"embeddable":true,"href":"https:\/\/fartud.ro\/de\/wp-json\/wp\/v2\/users\/1"}],"replies":[{"embeddable":true,"href":"https:\/\/fartud.ro\/de\/wp-json\/wp\/v2\/comments?post=8"}],"version-history":[{"count":22,"href":"https:\/\/fartud.ro\/de\/wp-json\/wp\/v2\/pages\/8\/revisions"}],"predecessor-version":[{"id":386,"href":"https:\/\/fartud.ro\/de\/wp-json\/wp\/v2\/pages\/8\/revisions\/386"}],"wp:attachment":[{"href":"https:\/\/fartud.ro\/de\/wp-json\/wp\/v2\/media?parent=8"}],"curies":[{"name":"wp","href":"https:\/\/api.w.org\/{rel}","templated":true}]}}