{"id":138,"date":"2021-04-28T17:19:01","date_gmt":"2021-04-28T17:19:01","guid":{"rendered":"http:\/\/fartud.ro\/?page_id=138"},"modified":"2021-05-19T04:14:18","modified_gmt":"2021-05-19T04:14:18","slug":"echipa","status":"publish","type":"page","link":"https:\/\/fartud.ro\/en\/echipa\/","title":{"rendered":"Team"},"content":{"rendered":"<div class=\"mk-page-section-wrapper\" data-mk-full-width=\"true\" data-mk-full-width-init=\"true\" data-mk-stretch-content=\"true\">\n\t<div id=\"page-section-1\" class=\"mk-page-section self-hosted   full_layout full-width-1 js-el js-master-row jupiter-donut-\"    data-intro-effect=\"false\">\n\n\t\t\t\n\t\t\t<div class=\"mk-page-section-inner\">\n\t\t\t\t\n\n\n<div class=\"mk-video-color-mask\"><\/div>\n\n\t\t\t\t\n\t\t\t\t\n\t\n\t<div class=\"background-layer-holder\">\n\t\t<div id=\"background-layer--1\" data-mk-lazyload=\"false\" class=\"background-layer mk-background-stretch none-blend-effect js-el\"    data-mk-img-set='{\"landscape\":{\"desktop\":\"https:\/\/fartud.ro\/wp-content\/uploads\/2021\/04\/24221banner-general2.jpg\",\"tablet\":\"https:\/\/fartud.ro\/wp-content\/uploads\/2021\/04\/24221banner-general2-1024x768.jpg\",\"mobile\":\"https:\/\/fartud.ro\/wp-content\/uploads\/2021\/04\/24221banner-general2-736x414.jpg\"},\"responsive\":\"true\"}' >\n\t\t\t\t\t\t\t\t\t<div class=\"mk-color-layer\"><\/div>\n\t\t<\/div>\n\t<\/div>\n\n\t\t\t<\/div>\n\n\t\t\t\n        <div class=\"page-section-content vc_row-fluid mk-grid\" >\n            <div class=\"mk-padding-wrapper wpb_row\">\n<div class=\"vc_col-sm-12 wpb_column column_container  jupiter-donut- _ jupiter-donut-height-full\">\n\t<\/div>\n<\/div>\n            <div class=\"clearboth\"><\/div>\n        <\/div>\n\n\n\t\t\t\n\t\t\t\n\t\t\t<div class=\"mk-shape-divider mk-shape-divider--stick folded-bottom-style small-size mk-shape-divider--stick-bottom\" id=\"mk-shape-divider-3\">\n\t\t\t<div class=\"shape__container\">\n\t\t\t\t<div class=\"shape\">\n\t\t\t\t\n\t\t<svg width=\"100%\" height=\"85px\">\n\t\t\t<defs>\n\t\t\t    <pattern id=\"shapeDividerPattern-3\" preserveaspectratio=\"none\" style=\"background-repeat: none;\" patternunits=\"userSpaceOnUse\" x=\"0\" y=\"0\" width=\"100%\" height=\"850px\" viewbox=\"0 0 100 850\">\n\t\t\t        <polygon fill=\"#fff\" points=\"0,0 0,84 50,84 100,84 100,0 50,84 \"><\/polygon>\n\t\t\t    <\/pattern>\n\t\t\t<\/defs>\n\n\t\t\t<!-- Background -->\n\t\t\t<rect x=\"0\" y=\"0\" width=\"100%\" height=\"85px\" fill=\"url(#shapeDividerPattern-3)\"><\/rect>\n\t\t<\/svg>\n\t<\/div>\n\t\t\t<\/div>\n\t\t<\/div>\n\t\t<div class=\"clearboth\"><\/div>\n\t<\/div>\n<\/div>\n<div class=\"vc_row-full-width vc_clearfix\"><\/div>\n\n\n<div  data-mk-full-width=\"true\" data-mk-full-width-init=\"false\" class=\"wpb_row vc_row vc_row-fluid jupiter-donut- mk-fullwidth-true  attched-false    vc_custom_1619588464657  js-master-row\">\n\t\t\t<div class=\"mk-grid\">\n\t\t\t\t\n<div class=\"vc_col-sm-12 wpb_column column_container  jupiter-donut- _ jupiter-donut-height-full\">\n\t\n<div id=\"padding-5\" class=\"mk-padding-divider jupiter-donut-  jupiter-donut-clearfix\"><\/div>\n\n\n<h2 id=\"fancy-title-6\" class=\"mk-fancy-title  simple-style jupiter-donut-  color-single\">\n\t<span>\n\t\t\t\t<p>Team<\/p>\n\t\t\t<\/span>\n<\/h2>\n<div class=\"clearboth\"><\/div>\n\n\n\n<div id=\"mk-ornamental-title-7\" class=\"mk-ornamental-title norman-single title_as_text jupiter-donut-\"> <h2 class=\"title\"><span class=\"title-text\">Company<\/span><\/h2>\n<\/div>\n\n<div class=\"wpb_row vc_inner vc_row vc_row-fluid jupiter-donut-   attched-false\">\n\t\t\t<div class=\"wpb_column vc_column_container vc_col-sm-6\"><div class=\"vc_column-inner\"><div class=\"wpb_wrapper\">\t<div class=\"vc_custom_1621397654761\">\n\n<div id=\"text-block-8\" class=\"mk-text-block  jupiter-donut-\">\n\n\t\n\t<p dir=\"ltr\" style=\"text-align: justify;\">\u00a0The Fartud team consists of over 400 qualified specialists, organized by specialized departments and divisions that promote a work culture aligned with the company's values.<\/p>\n<p dir=\"ltr\" style=\"text-align: justify;\">The way our work procedure is structured and streamlined offers us the possibility of guaranteeing optimal operating times, takeover and implementation of our clients' requests.<\/p>\n<p dir=\"ltr\" style=\"text-align: justify;\">The proof of the competence of our team is represented by the company's turnover, which has been constantly evolving since the year of its establishment. So, from a 100K euros turnover in 2002, Fartud reached about 30M in 2018.<\/p>\n\n\t<div class=\"clearboth\"><\/div>\n<\/div>\n\n\t<\/div>\n\n<div id=\"padding-9\" class=\"mk-padding-divider jupiter-donut-  jupiter-donut-clearfix\"><\/div>\n\n<\/div><\/div><\/div><div class=\"wpb_column vc_column_container vc_col-sm-6\"><div class=\"vc_column-inner\"><div class=\"wpb_wrapper\">\n\t<div  class=\"wpb_single_image wpb_content_element vc_align_center\">\n\t\t\n\t\t<figure class=\"wpb_wrapper vc_figure\">\n\t\t\t<div class=\"vc_single_image-wrapper   vc_box_border_grey\"><img loading=\"lazy\" decoding=\"async\" width=\"744\" height=\"530\" src=\"https:\/\/fartud.ro\/wp-content\/uploads\/2021\/04\/echipa-2.jpg\" class=\"vc_single_image-img attachment-full\" alt=\"\" srcset=\"https:\/\/fartud.ro\/wp-content\/uploads\/2021\/04\/echipa-2.jpg 744w, https:\/\/fartud.ro\/wp-content\/uploads\/2021\/04\/echipa-2-300x214.jpg 300w\" sizes=\"auto, (max-width: 744px) 100vw, 744px\" itemprop=\"image\" \/><\/div>\n\t\t<\/figure>\n\t<\/div>\n<\/div><\/div><\/div>\t<\/div>\n<\/div>\n\t\t\t<\/div>\n\t<\/div>\n<div class=\"vc_row-full-width vc_clearfix\"><\/div>","protected":false},"excerpt":{"rendered":"Echipa Companie \u00a0Colectivul Fartud este format din peste 400 de speciali\u0219ti califica\u021bi, organiza\u021bi pe departamente \u0219i divizii specializate care promoveaz\u0103 o cultur\u0103 a muncii aliniat\u0103 cu valorile companiei. Maniera \u00een care este structurat \u0219i eficientizat modul nostru de lucru ne ofer\u0103 posibilitatea garant\u0103rii unor timpi optimi de operare, preluare \u0219i implementare a solicit\u0103rilor clien\u021bilor no\u0219tri. [...]","protected":false},"author":1,"featured_media":0,"parent":0,"menu_order":0,"comment_status":"closed","ping_status":"closed","template":"","meta":{"footnotes":""},"class_list":["post-138","page","type-page","status-publish","hentry"],"_links":{"self":[{"href":"https:\/\/fartud.ro\/en\/wp-json\/wp\/v2\/pages\/138","targetHints":{"allow":["GET"]}}],"collection":[{"href":"https:\/\/fartud.ro\/en\/wp-json\/wp\/v2\/pages"}],"about":[{"href":"https:\/\/fartud.ro\/en\/wp-json\/wp\/v2\/types\/page"}],"author":[{"embeddable":true,"href":"https:\/\/fartud.ro\/en\/wp-json\/wp\/v2\/users\/1"}],"replies":[{"embeddable":true,"href":"https:\/\/fartud.ro\/en\/wp-json\/wp\/v2\/comments?post=138"}],"version-history":[{"count":5,"href":"https:\/\/fartud.ro\/en\/wp-json\/wp\/v2\/pages\/138\/revisions"}],"predecessor-version":[{"id":211,"href":"https:\/\/fartud.ro\/en\/wp-json\/wp\/v2\/pages\/138\/revisions\/211"}],"wp:attachment":[{"href":"https:\/\/fartud.ro\/en\/wp-json\/wp\/v2\/media?parent=138"}],"curies":[{"name":"wp","href":"https:\/\/api.w.org\/{rel}","templated":true}]}}