{"id":14,"date":"2021-04-27T19:22:36","date_gmt":"2021-04-27T19:22:36","guid":{"rendered":"http:\/\/fartud.ro\/?page_id=14"},"modified":"2023-04-10T08:45:31","modified_gmt":"2023-04-10T08:45:31","slug":"transporturi-internationale","status":"publish","type":"page","link":"https:\/\/fartud.ro\/en\/servicii\/transporturi-internationale\/","title":{"rendered":"International transport"},"content":{"rendered":"<div class=\"mk-page-section-wrapper\" data-mk-full-width=\"true\" data-mk-full-width-init=\"true\" data-mk-stretch-content=\"true\">\n\t<div id=\"page-section-1\" class=\"mk-page-section self-hosted   full_layout full-width-1 js-el js-master-row jupiter-donut-\"    data-intro-effect=\"false\">\n\n\t\t\t\n\t\t\t<div class=\"mk-page-section-inner\">\n\t\t\t\t\n\n\n<div class=\"mk-video-color-mask\"><\/div>\n\n\t\t\t\t\n\t\t\t\t\n\t\n\t<div class=\"background-layer-holder\">\n\t\t<div id=\"background-layer--1\" data-mk-lazyload=\"false\" class=\"background-layer mk-background-stretch none-blend-effect js-el\"    data-mk-img-set='{\"landscape\":{\"desktop\":\"https:\/\/fartud.ro\/wp-content\/uploads\/2021\/04\/84404banner-general2.jpg\",\"tablet\":\"https:\/\/fartud.ro\/wp-content\/uploads\/2021\/04\/84404banner-general2-1024x768.jpg\",\"mobile\":\"https:\/\/fartud.ro\/wp-content\/uploads\/2021\/04\/84404banner-general2-736x414.jpg\"},\"responsive\":\"true\"}' >\n\t\t\t\t\t\t\t\t\t<div class=\"mk-color-layer\"><\/div>\n\t\t<\/div>\n\t<\/div>\n\n\t\t\t<\/div>\n\n\t\t\t\n        <div class=\"page-section-content vc_row-fluid mk-grid\" >\n            <div class=\"mk-padding-wrapper wpb_row\">\n<div class=\"vc_col-sm-12 wpb_column column_container  jupiter-donut- _ jupiter-donut-height-full\">\n\t<\/div>\n<\/div>\n            <div class=\"clearboth\"><\/div>\n        <\/div>\n\n\n\t\t\t\n\t\t\t\n\t\t\t<div class=\"mk-shape-divider mk-shape-divider--stick folded-bottom-style small-size mk-shape-divider--stick-bottom\" id=\"mk-shape-divider-3\">\n\t\t\t<div class=\"shape__container\">\n\t\t\t\t<div class=\"shape\">\n\t\t\t\t\n\t\t<svg width=\"100%\" height=\"85px\">\n\t\t\t<defs>\n\t\t\t    <pattern id=\"shapeDividerPattern-3\" preserveaspectratio=\"none\" style=\"background-repeat: none;\" patternunits=\"userSpaceOnUse\" x=\"0\" y=\"0\" width=\"100%\" height=\"850px\" viewbox=\"0 0 100 850\">\n\t\t\t        <polygon fill=\"#fff\" points=\"0,0 0,84 50,84 100,84 100,0 50,84 \"><\/polygon>\n\t\t\t    <\/pattern>\n\t\t\t<\/defs>\n\n\t\t\t<!-- Background -->\n\t\t\t<rect x=\"0\" y=\"0\" width=\"100%\" height=\"85px\" fill=\"url(#shapeDividerPattern-3)\"><\/rect>\n\t\t<\/svg>\n\t<\/div>\n\t\t\t<\/div>\n\t\t<\/div>\n\t\t<div class=\"clearboth\"><\/div>\n\t<\/div>\n<\/div>\n<div class=\"vc_row-full-width vc_clearfix\"><\/div>\n\n\n<div  data-mk-full-width=\"true\" data-mk-full-width-init=\"false\" class=\"wpb_row vc_row vc_row-fluid jupiter-donut- mk-fullwidth-true  attched-false    vc_custom_1619588464657  js-master-row\">\n\t\t\t<div class=\"mk-grid\">\n\t\t\t\t\n<div class=\"vc_col-sm-12 wpb_column column_container  jupiter-donut- _ jupiter-donut-height-full\">\n\t\n<div id=\"padding-5\" class=\"mk-padding-divider jupiter-donut-  jupiter-donut-clearfix\"><\/div>\n\n\n<h2 id=\"fancy-title-6\" class=\"mk-fancy-title  simple-style jupiter-donut-  color-single\">\n\t<span>\n\t\t\t\t<p>International transport<\/p>\n\t\t\t<\/span>\n<\/h2>\n<div class=\"clearboth\"><\/div>\n\n\n\n<div id=\"mk-ornamental-title-7\" class=\"mk-ornamental-title norman-single title_as_text jupiter-donut-\"> <h2 class=\"title\"><span class=\"title-text\">Services<\/span><\/h2>\n<\/div>\n\n<div class=\"wpb_row vc_inner vc_row vc_row-fluid jupiter-donut-   attched-false\">\n\t\t\t<div class=\"wpb_column vc_column_container vc_col-sm-6\"><div class=\"vc_column-inner\"><div class=\"wpb_wrapper\">\t<div class=\"vc_custom_1681116300367\">\n\n<div id=\"text-block-8\" class=\"mk-text-block  jupiter-donut-\">\n\n\t\n\t<p dir=\"ltr\" style=\"text-align: justify;\">Fartud is the most reliable choice for domestic and international freight transport.<\/p>\n<p dir=\"ltr\" style=\"text-align: justify;\">We offer specialized domestic freight services, in all counties of Romania, international freight transport throughout Europe, and we also perform transport outside the European Union on demand.<\/p>\n<p dir=\"ltr\" style=\"text-align: justify;\">We have a homogeneous, versatile and modern fleet consisting of trucks licensed for routes performed nationally or internationally.<\/p>\n<p dir=\"ltr\" class=\" translation-block\">In the last year we traveled <strong>30,250,000km<\/strong> and delivered <strong>278,000<\/strong> tons of materials.<\/p>\n\n\t<div class=\"clearboth\"><\/div>\n<\/div>\n\n\t<\/div>\n<\/div><\/div><\/div><div class=\"wpb_column vc_column_container vc_col-sm-6\"><div class=\"vc_column-inner\"><div class=\"wpb_wrapper\">\n<div id=\"list-9\" class=\"mk-list-styles  mk-align-none  jupiter-donut- jupiter-donut-clear\" data-charcode=\"mk-icon-check\" data-family=\"\">\n\n\t\n\t<ul>\n<li><svg  class=\"mk-svg-icon\" data-name=\"mk-icon-check\" data-cacheid=\"icon-69db0a88a3838\" style=\" height:16px; width: 16px; \"  xmlns=\"http:\/\/www.w3.org\/2000\/svg\" viewbox=\"0 0 1792 1792\"><path d=\"M1671 566q0 40-28 68l-724 724-136 136q-28 28-68 28t-68-28l-136-136-362-362q-28-28-28-68t28-68l136-136q28-28 68-28t68 28l294 295 656-657q28-28 68-28t68 28l136 136q28 28 28 68z\"\/><\/svg>\n<p dir=\"ltr\">227 mega-stoc dopple<\/p>\n<p dir=\"ltr\">\n<\/li>\n<li><svg  class=\"mk-svg-icon\" data-name=\"mk-icon-check\" data-cacheid=\"icon-69db0a88a3838\" style=\" height:16px; width: 16px; \"  xmlns=\"http:\/\/www.w3.org\/2000\/svg\" viewbox=\"0 0 1792 1792\"><path d=\"M1671 566q0 40-28 68l-724 724-136 136q-28 28-68 28t-68-28l-136-136-362-362q-28-28-28-68t28-68l136-136q28-28 68-28t68 28l294 295 656-657q28-28 68-28t68 28l136 136q28 28 28 68z\"\/><\/svg>\n<p dir=\"ltr\">\u00a010 IVECO S-WAY LNG trucks (very low CO2 emissions)<\/p>\n<p dir=\"ltr\">\n<\/li>\n<li><svg  class=\"mk-svg-icon\" data-name=\"mk-icon-check\" data-cacheid=\"icon-69db0a88a3838\" style=\" height:16px; width: 16px; \"  xmlns=\"http:\/\/www.w3.org\/2000\/svg\" viewbox=\"0 0 1792 1792\"><path d=\"M1671 566q0 40-28 68l-724 724-136 136q-28 28-68 28t-68-28l-136-136-362-362q-28-28-28-68t28-68l136-136q28-28 68-28t68 28l294 295 656-657q28-28 68-28t68 28l136 136q28 28 28 68z\"\/><\/svg>\n<p dir=\"ltr\">\u00a0327 mega double decker trailers (195 certified for the transport of tires)<\/p>\n<p dir=\"ltr\">\n<\/li>\n<li><svg  class=\"mk-svg-icon\" data-name=\"mk-icon-check\" data-cacheid=\"icon-69db0a88a3838\" style=\" height:16px; width: 16px; \"  xmlns=\"http:\/\/www.w3.org\/2000\/svg\" viewbox=\"0 0 1792 1792\"><path d=\"M1671 566q0 40-28 68l-724 724-136 136q-28 28-68 28t-68-28l-136-136-362-362q-28-28-28-68t28-68l136-136q28-28 68-28t68 28l294 295 656-657q28-28 68-28t68 28l136 136q28 28 28 68z\"\/><\/svg>\n<p dir=\"ltr\">\u00a012 refrigerated trailers<\/p>\n<p dir=\"ltr\">\n<\/li>\n<li><svg  class=\"mk-svg-icon\" data-name=\"mk-icon-check\" data-cacheid=\"icon-69db0a88a3838\" style=\" height:16px; width: 16px; \"  xmlns=\"http:\/\/www.w3.org\/2000\/svg\" viewbox=\"0 0 1792 1792\"><path d=\"M1671 566q0 40-28 68l-724 724-136 136q-28 28-68 28t-68-28l-136-136-362-362q-28-28-28-68t28-68l136-136q28-28 68-28t68 28l294 295 656-657q28-28 68-28t68 28l136 136q28 28 28 68z\"\/><\/svg>\n<p dir=\"ltr\">\u00a011 12-ton trucks<\/p>\n<p dir=\"ltr\">\n<\/li>\n<li><svg  class=\"mk-svg-icon\" data-name=\"mk-icon-check\" data-cacheid=\"icon-69db0a88a3838\" style=\" height:16px; width: 16px; \"  xmlns=\"http:\/\/www.w3.org\/2000\/svg\" viewbox=\"0 0 1792 1792\"><path d=\"M1671 566q0 40-28 68l-724 724-136 136q-28 28-68 28t-68-28l-136-136-362-362q-28-28-28-68t28-68l136-136q28-28 68-28t68 28l294 295 656-657q28-28 68-28t68 28l136 136q28 28 28 68z\"\/><\/svg>\n<p dir=\"ltr\">\u00a014 trucks of 7.5 tons<\/p>\n<p dir=\"ltr\">\n<\/li>\n<li><svg  class=\"mk-svg-icon\" data-name=\"mk-icon-check\" data-cacheid=\"icon-69db0a88a3838\" style=\" height:16px; width: 16px; \"  xmlns=\"http:\/\/www.w3.org\/2000\/svg\" viewbox=\"0 0 1792 1792\"><path d=\"M1671 566q0 40-28 68l-724 724-136 136q-28 28-68 28t-68-28l-136-136-362-362q-28-28-28-68t28-68l136-136q28-28 68-28t68 28l294 295 656-657q28-28 68-28t68 28l136 136q28 28 28 68z\"\/><\/svg>\n<p dir=\"ltr\">\u00a046 trucks of less than 3.5 tons<\/p>\n<\/li>\n<\/ul>\n\n<\/div>\n<\/div><\/div><\/div>\t<\/div>\n\n<div id=\"padding-10\" class=\"mk-padding-divider jupiter-donut-  jupiter-donut-clearfix\"><\/div>\n\n<\/div>\n\t\t\t<\/div>\n\t<\/div>\n<div class=\"vc_row-full-width vc_clearfix\"><\/div>\n<div  data-mk-full-width=\"true\" data-mk-full-width-init=\"false\" data-mk-stretch-content=\"true\" class=\"wpb_row vc_row vc_row-fluid jupiter-donut- mk-fullwidth-true  attched-false    vc_custom_1619674443413  js-master-row  mk-full-content-true\">\n\t\t\t\t\n<div class=\"vc_col-sm-12 wpb_column column_container  jupiter-donut- _ jupiter-donut-height-full\">\n\t\n\t<div  class=\"wpb_single_image wpb_content_element vc_align_left\">\n\t\t\n\t\t<figure class=\"wpb_wrapper vc_figure\">\n\t\t\t<div class=\"vc_single_image-wrapper   vc_box_border_grey\"><img loading=\"lazy\" decoding=\"async\" width=\"1920\" height=\"530\" src=\"https:\/\/fartud.ro\/wp-content\/uploads\/2021\/04\/bg-flota-2.jpg\" class=\"vc_single_image-img attachment-full\" alt=\"\" srcset=\"https:\/\/fartud.ro\/wp-content\/uploads\/2021\/04\/bg-flota-2.jpg 1920w, https:\/\/fartud.ro\/wp-content\/uploads\/2021\/04\/bg-flota-2-300x83.jpg 300w, https:\/\/fartud.ro\/wp-content\/uploads\/2021\/04\/bg-flota-2-1024x283.jpg 1024w, https:\/\/fartud.ro\/wp-content\/uploads\/2021\/04\/bg-flota-2-768x212.jpg 768w, https:\/\/fartud.ro\/wp-content\/uploads\/2021\/04\/bg-flota-2-1536x424.jpg 1536w\" sizes=\"auto, (max-width: 1920px) 100vw, 1920px\" itemprop=\"image\" \/><\/div>\n\t\t<\/figure>\n\t<\/div>\n<\/div>\n\t<\/div>\n<div class=\"vc_row-full-width vc_clearfix\"><\/div>\n<div  data-mk-stretch-content=\"true\" class=\"wpb_row vc_row vc_row-fluid jupiter-donut- mk-fullwidth-false  attched-false     js-master-row  mk-grid\">\n\t\t\t\t\n<div class=\"vc_col-sm-12 wpb_column column_container  jupiter-donut- _ jupiter-donut-height-full\">\n\t\n<div id=\"padding-13\" class=\"mk-padding-divider jupiter-donut-  jupiter-donut-clearfix\"><\/div>\n\n\t<div class=\"vc_custom_1619674069590\">\n\n<div id=\"text-block-14\" class=\"mk-text-block  jupiter-donut-\">\n\n\t\n\t<p>Through its network of global partners, Fartud offers air and sea freight services, in group or full mode.<\/p>\n\n\t<div class=\"clearboth\"><\/div>\n<\/div>\n\n\t<\/div>\n\n\n<div class=\"wpb_row vc_inner vc_row vc_row-fluid jupiter-donut-   attched-false\">\n\t\t\t<div class=\"wpb_column vc_column_container vc_col-sm-6\"><div class=\"vc_column-inner\"><div class=\"wpb_wrapper\">\n<div id=\"box-icon-15\" class=\"mk-box-icon  jupiter-donut- simple_minimal-style   jupiter-donut-clearfix\">\n\n    <h4 class=\"icon-box-title\"><i class=\"mk-main-ico medium\"><svg  class=\"mk-svg-icon\" data-name=\"mk-icon-plane\" data-cacheid=\"icon-69db0a88db0c4\" xmlns=\"http:\/\/www.w3.org\/2000\/svg\" viewbox=\"0 0 1408 1792\"><path d=\"M1376 160q44 52 12 148t-108 172l-161 161 160 696q5 19-12 33l-128 96q-7 6-19 6-4 0-7-1-15-3-21-16l-279-508-259 259 53 194q5 17-8 31l-96 96q-9 9-23 9h-2q-15-2-24-13l-189-252-252-189q-11-7-13-23-1-13 9-25l96-97q9-9 23-9 6 0 8 1l194 53 259-259-508-279q-14-8-17-24-2-16 9-27l128-128q14-13 30-8l665 159 160-160q76-76 172-108t148 12z\"\/><\/svg><\/i><span>Airline<\/span><div class=\"clearboth\"><\/div><\/h4>\n    <div class=\"clearboth\"><\/div>\n<\/div>\n\n\n\n\n\n<div id=\"list-16\" class=\"mk-list-styles  mk-align-none  jupiter-donut- jupiter-donut-clear\" data-charcode=\"mk-icon-check\" data-family=\"\">\n\n\t\n\t<ul>\n<li><svg  class=\"mk-svg-icon\" data-name=\"mk-icon-check\" data-cacheid=\"icon-69db0a88de6cf\" style=\" height:16px; width: 16px; \"  xmlns=\"http:\/\/www.w3.org\/2000\/svg\" viewbox=\"0 0 1792 1792\"><path d=\"M1671 566q0 40-28 68l-724 724-136 136q-28 28-68 28t-68-28l-136-136-362-362q-28-28-28-68t28-68l136-136q28-28 68-28t68 28l294 295 656-657q28-28 68-28t68 28l136 136q28 28 28 68z\"\/><\/svg>\n<p dir=\"ltr\">\u00a0Cooperation with courier companies<\/p>\n<p dir=\"ltr\">\n<\/li>\n<li><svg  class=\"mk-svg-icon\" data-name=\"mk-icon-check\" data-cacheid=\"icon-69db0a88de6cf\" style=\" height:16px; width: 16px; \"  xmlns=\"http:\/\/www.w3.org\/2000\/svg\" viewbox=\"0 0 1792 1792\"><path d=\"M1671 566q0 40-28 68l-724 724-136 136q-28 28-68 28t-68-28l-136-136-362-362q-28-28-28-68t28-68l136-136q28-28 68-28t68 28l294 295 656-657q28-28 68-28t68 28l136 136q28 28 28 68z\"\/><\/svg>\n<p dir=\"ltr\">\u00a0Charter Courier on-board<\/p>\n<p dir=\"ltr\">\n<\/li>\n<li><svg  class=\"mk-svg-icon\" data-name=\"mk-icon-check\" data-cacheid=\"icon-69db0a88de6cf\" style=\" height:16px; width: 16px; \"  xmlns=\"http:\/\/www.w3.org\/2000\/svg\" viewbox=\"0 0 1792 1792\"><path d=\"M1671 566q0 40-28 68l-724 724-136 136q-28 28-68 28t-68-28l-136-136-362-362q-28-28-28-68t28-68l136-136q28-28 68-28t68 28l294 295 656-657q28-28 68-28t68 28l136 136q28 28 28 68z\"\/><\/svg>\n<p dir=\"ltr\">\u00a0Special Same Day services - on request<\/p>\n<p dir=\"ltr\">\n<\/li>\n<li><svg  class=\"mk-svg-icon\" data-name=\"mk-icon-check\" data-cacheid=\"icon-69db0a88de6cf\" style=\" height:16px; width: 16px; \"  xmlns=\"http:\/\/www.w3.org\/2000\/svg\" viewbox=\"0 0 1792 1792\"><path d=\"M1671 566q0 40-28 68l-724 724-136 136q-28 28-68 28t-68-28l-136-136-362-362q-28-28-28-68t28-68l136-136q28-28 68-28t68 28l294 295 656-657q28-28 68-28t68 28l136 136q28 28 28 68z\"\/><\/svg>\n<p dir=\"ltr\">\u00a0Own office for air freight, import and export<\/p>\n<p dir=\"ltr\">\n<\/li>\n<li><svg  class=\"mk-svg-icon\" data-name=\"mk-icon-check\" data-cacheid=\"icon-69db0a88de6cf\" style=\" height:16px; width: 16px; \"  xmlns=\"http:\/\/www.w3.org\/2000\/svg\" viewbox=\"0 0 1792 1792\"><path d=\"M1671 566q0 40-28 68l-724 724-136 136q-28 28-68 28t-68-28l-136-136-362-362q-28-28-28-68t28-68l136-136q28-28 68-28t68 28l294 295 656-657q28-28 68-28t68 28l136 136q28 28 28 68z\"\/><\/svg>\n<p dir=\"ltr\">\u00a0Shipment tracking<\/p>\n<\/li>\n<\/ul>\n\n<\/div>\n<\/div><\/div><\/div><div class=\"wpb_column vc_column_container vc_col-sm-6\"><div class=\"vc_column-inner\"><div class=\"wpb_wrapper\">\n<div id=\"box-icon-17\" class=\"mk-box-icon  jupiter-donut- simple_minimal-style   jupiter-donut-clearfix\">\n\n    <h4 class=\"icon-box-title\"><i class=\"mk-main-ico medium\"><svg  class=\"mk-svg-icon\" data-name=\"mk-moon-ship\" data-cacheid=\"icon-69db0a88dea7b\" xmlns=\"http:\/\/www.w3.org\/2000\/svg\" viewbox=\"0 0 512 512\"><path d=\"M450.017 432h-4.034c-7.104 27.604-32.162 48-61.983 48s-54.879-20.396-61.983-48h-4.034c-7.104 27.604-32.162 48-61.983 48s-54.879-20.396-61.983-48h-4.034c-7.104 27.604-32.162 48-61.983 48s-54.879-20.396-61.983-48h-4.034c-7.104 27.604-32.162 48-61.983 48v32c35.346 0 64-18.653 64-54 0 35.347 28.654 54 64 54s64-18.653 64-54c0 35.347 28.654 54 64 54 35.346 0 64-18.653 64-54 0 35.347 28.654 54 64 54s64-18.653 64-54c0 35.347 28.654 54 64 54v-32c-29.821 0-54.879-20.396-61.983-48zm0-64h-4.034c-7.104 27.604-32.162 48-61.983 48-24.019 0-44.939-13.236-55.886-32.808 63.679-12.184 151.886-159.192 151.886-159.192l-63.928-27.397c-.066-.544-.143-1.082-.229-1.613l-26.686-163.408c-2.836-17.37-19.557-31.582-37.157-31.582h-192c-17.6 0-34.321 14.212-37.157 31.582l-26.686 163.407c-.087.531-.163 1.069-.229 1.613l-63.928 27.398s88.207 147.008 151.886 159.192c-10.947 19.572-31.867 32.808-55.886 32.808-29.821 0-54.879-20.396-61.983-48h-4.034c-7.104 27.604-32.162 48-61.983 48v32c35.346 0 64-18.653 64-54 0 35.347 28.654 54 64 54s64-18.653 64-54c0 35.347 28.654 54 64 54 35.346 0 64-18.653 64-54 0 35.347 28.654 54 64 54s64-18.653 64-54c0 35.347 28.654 54 64 54v-32c-29.821 0-54.879-20.396-61.983-48zm-162.017-336h64c1.93 0 5.265 2.834 5.575 4.739l23.669 144.937-107.891-46.238 14.647-103.438zm-133.576 4.739c.311-1.905 3.646-4.739 5.576-4.739h64l14.646 103.438-107.891 46.239 23.669-144.938zm101.576 379.261c-23.686 0-44.356-12.874-55.423-32h110.846c-11.068 19.126-31.737 32-55.423 32z\"\/><\/svg><\/i><span>Shipping<\/span><div class=\"clearboth\"><\/div><\/h4>\n    <div class=\"clearboth\"><\/div>\n<\/div>\n\n\n\n\n\n<div id=\"list-18\" class=\"mk-list-styles  mk-align-none  jupiter-donut- jupiter-donut-clear\" data-charcode=\"mk-icon-check\" data-family=\"\">\n\n\t\n\t<ul>\n<li><svg  class=\"mk-svg-icon\" data-name=\"mk-icon-check\" data-cacheid=\"icon-69db0a88dec7f\" style=\" height:16px; width: 16px; \"  xmlns=\"http:\/\/www.w3.org\/2000\/svg\" viewbox=\"0 0 1792 1792\"><path d=\"M1671 566q0 40-28 68l-724 724-136 136q-28 28-68 28t-68-28l-136-136-362-362q-28-28-28-68t28-68l136-136q28-28 68-28t68 28l294 295 656-657q28-28 68-28t68 28l136 136q28 28 28 68z\"\/><\/svg>\n<p dir=\"ltr\">\u00a0Contracts with operators in Constanta and Hamburg<\/p>\n<p dir=\"ltr\">\n<\/li>\n<li><svg  class=\"mk-svg-icon\" data-name=\"mk-icon-check\" data-cacheid=\"icon-69db0a88dec7f\" style=\" height:16px; width: 16px; \"  xmlns=\"http:\/\/www.w3.org\/2000\/svg\" viewbox=\"0 0 1792 1792\"><path d=\"M1671 566q0 40-28 68l-724 724-136 136q-28 28-68 28t-68-28l-136-136-362-362q-28-28-28-68t28-68l136-136q28-28 68-28t68 28l294 295 656-657q28-28 68-28t68 28l136 136q28 28 28 68z\"\/><\/svg>\n<p dir=\"ltr\">\u00a0Operativity for each maritime transport through its own location (Constanta) on the Black Sea<\/p>\n<p dir=\"ltr\">\n<\/li>\n<li><svg  class=\"mk-svg-icon\" data-name=\"mk-icon-check\" data-cacheid=\"icon-69db0a88dec7f\" style=\" height:16px; width: 16px; \"  xmlns=\"http:\/\/www.w3.org\/2000\/svg\" viewbox=\"0 0 1792 1792\"><path d=\"M1671 566q0 40-28 68l-724 724-136 136q-28 28-68 28t-68-28l-136-136-362-362q-28-28-28-68t28-68l136-136q28-28 68-28t68 28l294 295 656-657q28-28 68-28t68 28l136 136q28 28 28 68z\"\/><\/svg>\n<p dir=\"ltr\">\u00a0Import and export FCL (Full container loads) and LCL (Less than full container loads)<\/p>\n<p dir=\"ltr\">\n<\/li>\n<li><svg  class=\"mk-svg-icon\" data-name=\"mk-icon-check\" data-cacheid=\"icon-69db0a88dec7f\" style=\" height:16px; width: 16px; \"  xmlns=\"http:\/\/www.w3.org\/2000\/svg\" viewbox=\"0 0 1792 1792\"><path d=\"M1671 566q0 40-28 68l-724 724-136 136q-28 28-68 28t-68-28l-136-136-362-362q-28-28-28-68t28-68l136-136q28-28 68-28t68 28l294 295 656-657q28-28 68-28t68 28l136 136q28 28 28 68z\"\/><\/svg>\n<p dir=\"ltr\">\u00a0Groupage transport<\/p>\n<\/li>\n<\/ul>\n\n<\/div>\n<\/div><\/div><\/div>\t<\/div>\n<\/div>\n\t<\/div>","protected":false},"excerpt":{"rendered":"Transporturi Internationale Servicii Fartud este cea mai fiabil\u0103 alegere pentru transportul intern \u0219i interna\u021bional de marf\u0103. Oferim servicii specializate de transport intern de marf\u0103, \u00een toate jude\u021bele Rom\u00e2niei, transport interna\u021bional de marf\u0103 pe \u00eentreg teritoriul Europei, iar la cerere efectu\u0103m curse \u0219i \u00een afara Uniunii Europene. Dispunem de o flot\u0103 omogen\u0103, versatil\u0103 \u0219i modern\u0103 format\u0103 [...]","protected":false},"author":1,"featured_media":0,"parent":12,"menu_order":0,"comment_status":"closed","ping_status":"closed","template":"","meta":{"footnotes":""},"class_list":["post-14","page","type-page","status-publish","hentry"],"_links":{"self":[{"href":"https:\/\/fartud.ro\/en\/wp-json\/wp\/v2\/pages\/14","targetHints":{"allow":["GET"]}}],"collection":[{"href":"https:\/\/fartud.ro\/en\/wp-json\/wp\/v2\/pages"}],"about":[{"href":"https:\/\/fartud.ro\/en\/wp-json\/wp\/v2\/types\/page"}],"author":[{"embeddable":true,"href":"https:\/\/fartud.ro\/en\/wp-json\/wp\/v2\/users\/1"}],"replies":[{"embeddable":true,"href":"https:\/\/fartud.ro\/en\/wp-json\/wp\/v2\/comments?post=14"}],"version-history":[{"count":12,"href":"https:\/\/fartud.ro\/en\/wp-json\/wp\/v2\/pages\/14\/revisions"}],"predecessor-version":[{"id":391,"href":"https:\/\/fartud.ro\/en\/wp-json\/wp\/v2\/pages\/14\/revisions\/391"}],"up":[{"embeddable":true,"href":"https:\/\/fartud.ro\/en\/wp-json\/wp\/v2\/pages\/12"}],"wp:attachment":[{"href":"https:\/\/fartud.ro\/en\/wp-json\/wp\/v2\/media?parent=14"}],"curies":[{"name":"wp","href":"https:\/\/api.w.org\/{rel}","templated":true}]}}