{"id":8,"date":"2021-04-27T19:19:09","date_gmt":"2021-04-27T19:19:09","guid":{"rendered":"http:\/\/fartud.ro\/?page_id=8"},"modified":"2023-04-10T08:38:10","modified_gmt":"2023-04-10T08:38:10","slug":"despre-fartud","status":"publish","type":"page","link":"https:\/\/fartud.ro\/en\/despre-fartud\/","title":{"rendered":"About Fartud"},"content":{"rendered":"<div class=\"mk-page-section-wrapper\" data-mk-full-width=\"true\" data-mk-full-width-init=\"true\" data-mk-stretch-content=\"true\">\n\t<div id=\"page-section-1\" class=\"mk-page-section self-hosted   full_layout full-width-1 js-el js-master-row jupiter-donut-\"    data-intro-effect=\"false\">\n\n\t\t\t\n\t\t\t<div class=\"mk-page-section-inner\">\n\t\t\t\t\n\n\n<div class=\"mk-video-color-mask\"><\/div>\n\n\t\t\t\t\n\t\t\t\t\n\t\n\t<div class=\"background-layer-holder\">\n\t\t<div id=\"background-layer--1\" data-mk-lazyload=\"false\" class=\"background-layer mk-background-stretch none-blend-effect js-el\"    data-mk-img-set='{\"landscape\":{\"desktop\":\"https:\/\/fartud.ro\/wp-content\/uploads\/2021\/04\/24221banner-general2.jpg\",\"tablet\":\"https:\/\/fartud.ro\/wp-content\/uploads\/2021\/04\/24221banner-general2-1024x768.jpg\",\"mobile\":\"https:\/\/fartud.ro\/wp-content\/uploads\/2021\/04\/24221banner-general2-736x414.jpg\"},\"responsive\":\"true\"}' >\n\t\t\t\t\t\t\t\t\t<div class=\"mk-color-layer\"><\/div>\n\t\t<\/div>\n\t<\/div>\n\n\t\t\t<\/div>\n\n\t\t\t\n        <div class=\"page-section-content vc_row-fluid mk-grid\" >\n            <div class=\"mk-padding-wrapper wpb_row\">\n<div class=\"vc_col-sm-12 wpb_column column_container  jupiter-donut- _ jupiter-donut-height-full\">\n\t<\/div>\n<\/div>\n            <div class=\"clearboth\"><\/div>\n        <\/div>\n\n\n\t\t\t\n\t\t\t\n\t\t\t<div class=\"mk-shape-divider mk-shape-divider--stick folded-bottom-style small-size mk-shape-divider--stick-bottom\" id=\"mk-shape-divider-3\">\n\t\t\t<div class=\"shape__container\">\n\t\t\t\t<div class=\"shape\">\n\t\t\t\t\n\t\t<svg width=\"100%\" height=\"85px\">\n\t\t\t<defs>\n\t\t\t    <pattern id=\"shapeDividerPattern-3\" preserveaspectratio=\"none\" style=\"background-repeat: none;\" patternunits=\"userSpaceOnUse\" x=\"0\" y=\"0\" width=\"100%\" height=\"850px\" viewbox=\"0 0 100 850\">\n\t\t\t        <polygon fill=\"#fff\" points=\"0,0 0,84 50,84 100,84 100,0 50,84 \"><\/polygon>\n\t\t\t    <\/pattern>\n\t\t\t<\/defs>\n\n\t\t\t<!-- Background -->\n\t\t\t<rect x=\"0\" y=\"0\" width=\"100%\" height=\"85px\" fill=\"url(#shapeDividerPattern-3)\"><\/rect>\n\t\t<\/svg>\n\t<\/div>\n\t\t\t<\/div>\n\t\t<\/div>\n\t\t<div class=\"clearboth\"><\/div>\n\t<\/div>\n<\/div>\n<div class=\"vc_row-full-width vc_clearfix\"><\/div>\n\n\n<div  data-mk-full-width=\"true\" data-mk-full-width-init=\"false\" class=\"wpb_row vc_row vc_row-fluid jupiter-donut- mk-fullwidth-true  attched-false    vc_custom_1619588464657  js-master-row\">\n\t\t\t<div class=\"mk-grid\">\n\t\t\t\t\n<div class=\"vc_col-sm-12 wpb_column column_container  jupiter-donut- _ jupiter-donut-height-full\">\n\t\n<div id=\"padding-5\" class=\"mk-padding-divider jupiter-donut-  jupiter-donut-clearfix\"><\/div>\n\n\n<h2 id=\"fancy-title-6\" class=\"mk-fancy-title  simple-style jupiter-donut-  color-single\">\n\t<span>\n\t\t\t\t<p>About Fartud<\/p>\n\t\t\t<\/span>\n<\/h2>\n<div class=\"clearboth\"><\/div>\n\n\n\n<div id=\"mk-ornamental-title-7\" class=\"mk-ornamental-title norman-single title_as_text jupiter-donut-\"> <h2 class=\"title\"><span class=\"title-text\">Company<\/span><\/h2>\n<\/div>\n\n<div class=\"wpb_row vc_inner vc_row vc_row-fluid jupiter-donut-   attched-false\">\n\t\t\t<div class=\"wpb_column vc_column_container vc_col-sm-6\"><div class=\"vc_column-inner\"><div class=\"wpb_wrapper\">\t<div class=\"vc_custom_1623233254403\">\n\n<div id=\"text-block-8\" class=\"mk-text-block  jupiter-donut-\">\n\n\t\n\t<p dir=\"ltr\" style=\"text-align: justify;\">Based in Timisoara, Fartud is a company that provides complete transport and logistics services.<\/p>\n<p dir=\"ltr\" style=\"text-align: justify;\">Fartud was founded in 2002, having the domestic and international transport of goods, in LTL and FTL regime as main field of activity.<\/p>\n<p dir=\"ltr\" style=\"text-align: justify;\">For a more efficient management of customer and partner requests, the company has expanded its activity to the logistics division - with a focus on the storage area and packaging management.<\/p>\n\n\t<div class=\"clearboth\"><\/div>\n<\/div>\n\n\t<\/div>\n\n<div id=\"padding-9\" class=\"mk-padding-divider jupiter-donut-  jupiter-donut-clearfix\"><\/div>\n\n<\/div><\/div><\/div><div class=\"wpb_column vc_column_container vc_col-sm-6\"><div class=\"vc_column-inner\"><div class=\"wpb_wrapper\">\n\t<div  class=\"wpb_single_image wpb_content_element vc_align_center\">\n\t\t\n\t\t<figure class=\"wpb_wrapper vc_figure\">\n\t\t\t<div class=\"vc_single_image-wrapper   vc_box_border_grey\"><img loading=\"lazy\" decoding=\"async\" width=\"1186\" height=\"622\" src=\"https:\/\/fartud.ro\/wp-content\/uploads\/2021\/05\/camion-despre-noi-1.jpg\" class=\"vc_single_image-img attachment-full\" alt=\"\" srcset=\"https:\/\/fartud.ro\/wp-content\/uploads\/2021\/05\/camion-despre-noi-1.jpg 1186w, https:\/\/fartud.ro\/wp-content\/uploads\/2021\/05\/camion-despre-noi-1-300x157.jpg 300w, https:\/\/fartud.ro\/wp-content\/uploads\/2021\/05\/camion-despre-noi-1-1024x537.jpg 1024w, https:\/\/fartud.ro\/wp-content\/uploads\/2021\/05\/camion-despre-noi-1-768x403.jpg 768w\" sizes=\"auto, (max-width: 1186px) 100vw, 1186px\" itemprop=\"image\" \/><\/div>\n\t\t<\/figure>\n\t<\/div>\n<\/div><\/div><\/div>\t<\/div>\n\n\n<div class=\"wpb_row vc_inner vc_row vc_row-fluid jupiter-donut-   attched-false\">\n\t\t\t<div class=\"wpb_column vc_column_container vc_col-sm-12\"><div class=\"vc_column-inner\"><div class=\"wpb_wrapper\">\n<h2 id=\"fancy-title-10\" class=\"mk-fancy-title  simple-style jupiter-donut-  color-single\">\n\t<span>\n\t\t\t\t<p>Benefits<\/p>\n\t\t\t<\/span>\n<\/h2>\n<div class=\"clearboth\"><\/div>\n\n\n\n<\/div><\/div><\/div>\t<\/div>\n\n\n<div class=\"wpb_row vc_inner vc_row vc_row-fluid jupiter-donut-   attched-false\">\n\t\t\t<div class=\"wpb_column vc_column_container vc_col-sm-2\"><div class=\"vc_column-inner\"><div class=\"wpb_wrapper\"><div id=\"mk-icon-box-11\" class=\"mk-box-icon-2  jupiter-donut- box-align-center\">    <div class=\"mk-box-icon-2-image\" style=\"width:64px;\">        <img decoding=\"async\" src=\"http:\/\/fartud.ro\/wp-content\/uploads\/2021\/05\/depozitare.jpg\" alt=\"Depozit modern\" \/>    <\/div>    <h3 class=\"mk-box-icon-2-title\">Warehouse<\/h3>    <p class=\"mk-box-icon-2-content\">Modern warehouse of 42,000 sqm located in western Romania, near Timisoara<\/p><\/div><\/div><\/div><\/div><div class=\"wpb_column vc_column_container vc_col-sm-2\"><div class=\"vc_column-inner\"><div class=\"wpb_wrapper\"><div id=\"mk-icon-box-12\" class=\"mk-box-icon-2  jupiter-donut- box-align-center\">    <div class=\"mk-box-icon-2-image\" style=\"width:64px;\">        <img decoding=\"async\" src=\"http:\/\/fartud.ro\/wp-content\/uploads\/2021\/05\/flota-camioane.jpg\" alt=\"Flot\u0103 proprie\" \/>    <\/div>    <h3 class=\"mk-box-icon-2-title\">Own Fleet<\/h3>    <p class=\"mk-box-icon-2-content\">We own over 250 modern trucks in our own fleet<\/p><\/div><\/div><\/div><\/div><div class=\"wpb_column vc_column_container vc_col-sm-2\"><div class=\"vc_column-inner\"><div class=\"wpb_wrapper\"><div id=\"mk-icon-box-13\" class=\"mk-box-icon-2  jupiter-donut- box-align-center\">    <div class=\"mk-box-icon-2-image\" style=\"width:64px;\">        <img decoding=\"async\" src=\"http:\/\/fartud.ro\/wp-content\/uploads\/2021\/05\/hub.jpg\" alt=\"Hub Automotive\" \/>    <\/div>    <h3 class=\"mk-box-icon-2-title\">Automotive Hub<\/h3>    <p class=\"mk-box-icon-2-content\">Access to one of the largest hubs of the automotive industry<\/p><\/div><\/div><\/div><\/div><div class=\"wpb_column vc_column_container vc_col-sm-2\"><div class=\"vc_column-inner\"><div class=\"wpb_wrapper\"><div id=\"mk-icon-box-14\" class=\"mk-box-icon-2  jupiter-donut- box-align-center\">    <div class=\"mk-box-icon-2-image\" style=\"width:64px;\">        <img decoding=\"async\" src=\"http:\/\/fartud.ro\/wp-content\/uploads\/2021\/05\/vama-2.jpg\" alt=\"Pozi\u0163ionare\" \/>    <\/div>    <h3 class=\"mk-box-icon-2-title\">Position<\/h3>    <p class=\"mk-box-icon-2-content\">Quick access to the outside of Romania<\/p><\/div><\/div><\/div><\/div><div class=\"wpb_column vc_column_container vc_col-sm-2\"><div class=\"vc_column-inner\"><div class=\"wpb_wrapper\"><div id=\"mk-icon-box-15\" class=\"mk-box-icon-2  jupiter-donut- box-align-center\">    <div class=\"mk-box-icon-2-image\" style=\"width:64px;\">        <img decoding=\"async\" src=\"http:\/\/fartud.ro\/wp-content\/uploads\/2021\/05\/personal.jpg\" alt=\"Echipa\" \/>    <\/div>    <h3 class=\"mk-box-icon-2-title\">Team<\/h3>    <p class=\"mk-box-icon-2-content\">Qualified, professional and dedicated staff<\/p><\/div><\/div><\/div><\/div><div class=\"wpb_column vc_column_container vc_col-sm-2\"><div class=\"vc_column-inner\"><div class=\"wpb_wrapper\"><div id=\"mk-icon-box-16\" class=\"mk-box-icon-2  jupiter-donut- box-align-center\">    <div class=\"mk-box-icon-2-image\" style=\"width:64px;\">        <img decoding=\"async\" src=\"http:\/\/fartud.ro\/wp-content\/uploads\/2021\/05\/parteneri.jpg\" alt=\"Parteneriate\" \/>    <\/div>    <h3 class=\"mk-box-icon-2-title\">Partnerships<\/h3>    <p class=\"mk-box-icon-2-content\">Strong network of partner companies across Europe and the Middle East<\/p><\/div><\/div><\/div><\/div>\t<\/div>\n\n<div id=\"padding-17\" class=\"mk-padding-divider jupiter-donut-  jupiter-donut-clearfix\"><\/div>\n\n<\/div>\n\t\t\t<\/div>\n\t<\/div>\n<div class=\"vc_row-full-width vc_clearfix\"><\/div>\n<div class=\"mk-page-section-wrapper\" data-mk-full-width=\"true\" data-mk-full-width-init=\"true\" data-mk-stretch-content=\"true\">\n\t<div id=\"page-section-18\" class=\"mk-page-section self-hosted   full_layout full-width-18 js-el js-master-row jupiter-donut-\"    data-intro-effect=\"false\">\n\n\t\t\t<div class=\"mk-shape-divider mk-shape-divider--stick folded-top-style small-size mk-shape-divider--stick-top\" id=\"mk-shape-divider-19\">\n\t\t\t<div class=\"shape__container\">\n\t\t\t\t<div class=\"shape\">\n\t\t\t\t\n\t\t<svg width=\"100%\" height=\"85px\">\n\t\t\t<defs>\n\t\t\t    <pattern id=\"shapeDividerPattern-19\" preserveaspectratio=\"none\" style=\"background-repeat: none;\" patternunits=\"userSpaceOnUse\" x=\"0\" y=\"0\" width=\"100%\" height=\"850px\" viewbox=\"0 0 100 850\">\n\t\t\t        <polygon fill=\"#fff\" points=\"100,85 100,0 50,0 \"><\/polygon><polygon fill=\"#fff\" points=\"0,85 0,0 50,0 \"><\/polygon>\n\t\t\t    <\/pattern>\n\t\t\t<\/defs>\n\n\t\t\t<!-- Background -->\n\t\t\t<rect x=\"0\" y=\"0\" width=\"100%\" height=\"85px\" fill=\"url(#shapeDividerPattern-19)\"><\/rect>\n\t\t<\/svg>\n\t<\/div>\n\t\t\t<\/div>\n\t\t<\/div>\n\t\t\t<div class=\"mk-page-section-inner\">\n\t\t\t\t\n\n\n<div class=\"mk-video-color-mask\"><\/div>\n\n\t\t\t\t\n\t\t\t\t\n\t\t\t<div class=\"mk-section-preloader js-el\" data-mk-component=\"Preloader\">\n\t\t\t<div class=\"mk-section-preloader__icon\"><\/div>\n\t\t<\/div>\n\t\n\t<div class=\"background-layer-holder\">\n\t\t<div id=\"background-layer--18\" data-mk-lazyload=\"false\" class=\"background-layer mk-background-stretch none-blend-effect js-el\" data-mk-component=\"Parallax\" data-parallax-config='{\"speed\" : 0.3 }'  data-mk-img-set='{\"landscape\":{\"desktop\":\"https:\/\/fartud.ro\/wp-content\/uploads\/2021\/05\/bg-green-vision-2.jpg\",\"tablet\":\"https:\/\/fartud.ro\/wp-content\/uploads\/2021\/05\/bg-green-vision-2-1024x768.jpg\",\"mobile\":\"https:\/\/fartud.ro\/wp-content\/uploads\/2021\/05\/bg-green-vision-2-736x414.jpg\"},\"responsive\":\"true\"}' >\n\t\t\t\t\t\t\t\t\t<div class=\"mk-color-layer\"><\/div>\n\t\t<\/div>\n\t<\/div>\n\n\t\t\t<\/div>\n\n\t\t\t\n        <div class=\"page-section-content vc_row-fluid mk-grid\" >\n            <div class=\"mk-padding-wrapper wpb_row\">\n<div class=\"vc_col-sm-12 wpb_column column_container  jupiter-donut- _ jupiter-donut-height-full\">\n\t\n<div id=\"padding-21\" class=\"mk-padding-divider jupiter-donut-  jupiter-donut-clearfix\"><\/div>\n\n\n<h2 id=\"fancy-title-22\" class=\"mk-fancy-title  simple-style jupiter-donut-  color-single\">\n\t<span>\n\t\t\t\t<p>Green Vision<\/p>\n\t\t\t<\/span>\n<\/h2>\n<div class=\"clearboth\"><\/div>\n\n\n\n\n\n<div class=\"wpb_row vc_inner vc_row vc_row-fluid jupiter-donut-   attched-false\">\n\t\t\t<div class=\"wpb_column vc_column_container vc_col-sm-6\"><div class=\"vc_column-inner\"><div class=\"wpb_wrapper\">\t<div class=\"vc_custom_1621393229290\">\n\n<div id=\"text-block-23\" class=\"mk-text-block  jupiter-donut-\">\n\n\t\n\t<p><span class=\"VIiyi\" lang=\"ro\" style=\"color: #ffffff;\"><span class=\"JLqJ4b ChMk0b\" data-language-for-alternatives=\"ro\" data-language-to-translate-into=\"en\" data-phrase-index=\"0\">As part of our vision, Fartud pursues the goal of reducing CO2 emissions by 30% by 2030.<br \/>\n<\/span> <span class=\"JLqJ4b ChMk0b\" data-language-for-alternatives=\"ro\" data-language-to-translate-into=\"en\" data-phrase-index=\"1\">Therefore, we are the only transport company in Romania that ordered LNG trucks for the next development of the fleet.<\/span><\/span><\/p>\n\n\t<div class=\"clearboth\"><\/div>\n<\/div>\n\n\t<\/div>\n<\/div><\/div><\/div><div class=\"wpb_column vc_column_container vc_col-sm-6\"><div class=\"vc_column-inner\"><div class=\"wpb_wrapper\"><\/div><\/div><\/div>\t<\/div>\n\n\n<div class=\"wpb_row vc_inner vc_row vc_row-fluid jupiter-donut-   attched-false\">\n\t\t\t<div class=\"wpb_column vc_column_container vc_col-sm-4\"><div class=\"vc_column-inner\"><div class=\"wpb_wrapper\">\n\t<div  class=\"wpb_single_image wpb_content_element vc_align_center  wpb_animate_when_almost_visible wpb_fadeInLeft fadeInLeft\">\n\t\t\n\t\t<figure class=\"wpb_wrapper vc_figure\">\n\t\t\t<div class=\"vc_single_image-wrapper   vc_box_border_grey\"><img loading=\"lazy\" decoding=\"async\" width=\"227\" height=\"171\" src=\"https:\/\/fartud.ro\/wp-content\/uploads\/2021\/05\/transport-1.png\" class=\"vc_single_image-img attachment-full\" alt=\"\" itemprop=\"image\" \/><\/div>\n\t\t<\/figure>\n\t<\/div>\n\t<div class=\"vc_custom_1621395309037\">\n\n<div id=\"text-block-24\" class=\"mk-text-block  jupiter-donut-\">\n\n\t\n\t<p><span class=\"VIiyi\" lang=\"ro\" style=\"color: #000000;\"><span class=\"JLqJ4b ChMk0b\" data-language-for-alternatives=\"ro\" data-language-to-translate-into=\"en\" data-phrase-index=\"0\"><span style=\"color: #ffffff;\">The development strategy involves the purchase of new LNG-powered trucks.<\/span><br \/>\n<span style=\"color: #ffffff;\"><span class=\"VIiyi\" lang=\"ro\">They emit 20% less carbon dioxide, and combustion does not emit soot, dust or steam.<\/span>.<\/span><br \/>\n<\/span><\/span><\/p>\n\n\t<div class=\"clearboth\"><\/div>\n<\/div>\n\n\t<\/div>\n<\/div><\/div><\/div><div class=\"wpb_column vc_column_container vc_col-sm-4\"><div class=\"vc_column-inner\"><div class=\"wpb_wrapper\">\n\t<div  class=\"wpb_single_image wpb_content_element vc_align_center  wpb_animate_when_almost_visible wpb_fadeInLeft fadeInLeft\">\n\t\t\n\t\t<figure class=\"wpb_wrapper vc_figure\">\n\t\t\t<div class=\"vc_single_image-wrapper   vc_box_border_grey\"><img loading=\"lazy\" decoding=\"async\" width=\"227\" height=\"171\" src=\"https:\/\/fartud.ro\/wp-content\/uploads\/2021\/05\/panou-solar.png\" class=\"vc_single_image-img attachment-full\" alt=\"\" itemprop=\"image\" \/><\/div>\n\t\t<\/figure>\n\t<\/div>\n\t<div class=\"vc_custom_1621395768809\">\n\n<div id=\"text-block-25\" class=\"mk-text-block  jupiter-donut-\">\n\n\t\n\t<p><span class=\"VIiyi\" lang=\"ro\" style=\"color: #000000;\"><span class=\"JLqJ4b ChMk0b\" data-language-for-alternatives=\"ro\" data-language-to-translate-into=\"en\" data-phrase-index=\"0\"><span style=\"color: #ffffff;\">A large part of the electricity needed in Fartud storage spaces is produced by solar panels, the impact on the environment being minimized.<\/span><br \/>\n<\/span><\/span><\/p>\n\n\t<div class=\"clearboth\"><\/div>\n<\/div>\n\n\t<\/div>\n<\/div><\/div><\/div><div class=\"wpb_column vc_column_container vc_col-sm-4\"><div class=\"vc_column-inner\"><div class=\"wpb_wrapper\">\n\t<div  class=\"wpb_single_image wpb_content_element vc_align_center  wpb_animate_when_almost_visible wpb_fadeInLeft fadeInLeft\">\n\t\t\n\t\t<figure class=\"wpb_wrapper vc_figure\">\n\t\t\t<div class=\"vc_single_image-wrapper   vc_box_border_grey\"><img loading=\"lazy\" decoding=\"async\" width=\"227\" height=\"171\" src=\"https:\/\/fartud.ro\/wp-content\/uploads\/2021\/05\/padure.png\" class=\"vc_single_image-img attachment-full\" alt=\"\" itemprop=\"image\" \/><\/div>\n\t\t<\/figure>\n\t<\/div>\n\t<div class=\"vc_custom_1621396221562\">\n\n<div id=\"text-block-26\" class=\"mk-text-block  jupiter-donut-\">\n\n\t\n\t<p><span class=\"VIiyi\" lang=\"ro\" style=\"color: #000000;\"><span class=\"JLqJ4b ChMk0b\" data-language-for-alternatives=\"ro\" data-language-to-translate-into=\"en\" data-phrase-index=\"0\"><span style=\"color: #ffffff;\">Fartud company constantly supports the afforestation actions in Romania. <\/span><span style=\"color: #ffffff;\">We contributed to the planting of over 15000 trees, representing approximately 3 hectares of forest.<\/span><br \/>\n<\/span><\/span><\/p>\n\n\t<div class=\"clearboth\"><\/div>\n<\/div>\n\n\t<\/div>\n<\/div><\/div><\/div>\t<\/div>\n\n<div id=\"padding-27\" class=\"mk-padding-divider jupiter-donut-  jupiter-donut-clearfix\"><\/div>\n\n\n<div id=\"mk-button-28\" class=\"mk-button-container _ jupiter-donut-relative    jupiter-donut-block jupiter-donut-text-center\">\n\n\t\n\t\t<a href=\"https:\/\/fartud.ro\/en\/green-vision-2030\/\" target=\"_self\" class=\"mk-button js-smooth-scroll mk-button--dimension-outline mk-button--size-large mk-button--corner-rounded skin-light _ jupiter-donut-relative jupiter-donut-text-center jupiter-donut-font-weight-700 jupiter-donut-no-backface  jupiter-donut-letter-spacing-2 jupiter-donut-inline-block\"><span class=\"mk-button--text\">See more<\/span><\/a>\n\n\t\n<\/div>\n\n<div id=\"padding-29\" class=\"mk-padding-divider jupiter-donut-  jupiter-donut-clearfix\"><\/div>\n\n<\/div>\n<\/div>\n            <div class=\"clearboth\"><\/div>\n        <\/div>\n\n\n\t\t\t\n\t\t\t\n\t\t\t\n\t\t<div class=\"clearboth\"><\/div>\n\t<\/div>\n<\/div>\n<div class=\"vc_row-full-width vc_clearfix\"><\/div>\n\n\n<div  data-mk-stretch-content=\"true\" class=\"wpb_row vc_row vc_row-fluid jupiter-donut- mk-fullwidth-false  attched-false     js-master-row  mk-grid\">\n\t\t\t\t\n<div class=\"vc_col-sm-12 wpb_column column_container  jupiter-donut- _ jupiter-donut-height-full\">\n\t\n\n<div class=\"wpb_row vc_inner vc_row vc_row-fluid jupiter-donut-   attched-false\">\n\t\t\t<div class=\"wpb_column vc_column_container vc_col-sm-12\"><div class=\"vc_column-inner\"><div class=\"wpb_wrapper\">\n<div id=\"padding-31\" class=\"mk-padding-divider jupiter-donut-  jupiter-donut-clearfix\"><\/div>\n\n\n<h2 id=\"fancy-title-32\" class=\"mk-fancy-title  simple-style jupiter-donut-  color-single\">\n\t<span>\n\t\t\t\t<p>Fartud Values<\/p>\n\t\t\t<\/span>\n<\/h2>\n<div class=\"clearboth\"><\/div>\n\n\n\n<\/div><\/div><\/div>\t<\/div>\n\n\n<div class=\"wpb_row vc_inner vc_row vc_row-fluid jupiter-donut-   attched-false\">\n\t\t\t<div class=\"wpb_column vc_column_container vc_col-sm-6\"><div class=\"vc_column-inner\"><div class=\"wpb_wrapper\">\n<div id=\"box-icon-33\" class=\"mk-box-icon  jupiter-donut- simple_minimal-style   jupiter-donut-clearfix\">\n\n    <h4 class=\"icon-box-title\"><i class=\"mk-main-ico medium\"><svg  class=\"mk-svg-icon\" data-name=\"mk-moon-arrow-right-17\" data-cacheid=\"icon-69daef59ddb97\" xmlns=\"http:\/\/www.w3.org\/2000\/svg\" viewbox=\"0 0 512 512\"><path d=\"M128 512l256-256-256-256 128 256z\"\/><\/svg><\/i><span>Our Mission<\/span><div class=\"clearboth\"><\/div><\/h4><p style=\"text-align: justify;\"><span class=\"VIiyi\" lang=\"ro\"><span class=\"JLqJ4b ChMk0b\" data-language-for-alternatives=\"ro\" data-language-to-translate-into=\"de\" data-phrase-index=\"7\">We offer our customers and transport partners reliability, security, flexibility and quality at the highest level.<\/span> <span class=\"JLqJ4b ChMk0b\" data-language-for-alternatives=\"ro\" data-language-to-translate-into=\"de\" data-phrase-index=\"8\">We create a positive working atmosphere for our employees that takes people into account.<\/span> <span class=\"JLqJ4b ChMk0b\" data-language-for-alternatives=\"ro\" data-language-to-translate-into=\"de\" data-phrase-index=\"9\">Our employees draw motivation and recognition from this.<\/span><\/span><\/p>\n\n    <div class=\"clearboth\"><\/div>\n<\/div>\n\n\n\n\n<\/div><\/div><\/div><div class=\"wpb_column vc_column_container vc_col-sm-6\"><div class=\"vc_column-inner\"><div class=\"wpb_wrapper\">\n<div id=\"box-icon-34\" class=\"mk-box-icon  jupiter-donut- simple_minimal-style   jupiter-donut-clearfix\">\n\n    <h4 class=\"icon-box-title\"><i class=\"mk-main-ico medium\"><svg  class=\"mk-svg-icon\" data-name=\"mk-moon-arrow-right-17\" data-cacheid=\"icon-69daef59ddf33\" xmlns=\"http:\/\/www.w3.org\/2000\/svg\" viewbox=\"0 0 512 512\"><path d=\"M128 512l256-256-256-256 128 256z\"\/><\/svg><\/i><span>Vision<\/span><div class=\"clearboth\"><\/div><\/h4><p style=\"text-align: justify;\" class=\" translation-block\">We have seen ourselves as a partner to our customers for 21 years. We are convinced: Trust, transparency and open communication are the basis of any good and honest cooperation.<\/p>\n\n    <div class=\"clearboth\"><\/div>\n<\/div>\n\n\n\n\n<\/div><\/div><\/div>\t<\/div>\n<\/div>\n\t<\/div>","protected":false},"excerpt":{"rendered":"Despre Fartud Companie Cu sediul \u00een Timi\u0219oara, Fartud este o companie care furnizeaz\u0103 servicii complete de transport \u0219i logistic\u0103. Fartud a luat fiin\u021b\u0103 \u00een 2002, av\u00e2nd ca domeniu principal de activitate transportul intern \u0219i interna\u021bional de m\u0103rfuri, \u00een regim LTL \u0219i FTL. Pentru o gestiune c\u00e2t mai eficient\u0103 a solicit\u0103rilor clien\u021bilor \u0219i partenerilor, compania \u0219i-a [...]","protected":false},"author":1,"featured_media":0,"parent":0,"menu_order":0,"comment_status":"closed","ping_status":"closed","template":"","meta":{"footnotes":""},"class_list":["post-8","page","type-page","status-publish","hentry"],"_links":{"self":[{"href":"https:\/\/fartud.ro\/en\/wp-json\/wp\/v2\/pages\/8","targetHints":{"allow":["GET"]}}],"collection":[{"href":"https:\/\/fartud.ro\/en\/wp-json\/wp\/v2\/pages"}],"about":[{"href":"https:\/\/fartud.ro\/en\/wp-json\/wp\/v2\/types\/page"}],"author":[{"embeddable":true,"href":"https:\/\/fartud.ro\/en\/wp-json\/wp\/v2\/users\/1"}],"replies":[{"embeddable":true,"href":"https:\/\/fartud.ro\/en\/wp-json\/wp\/v2\/comments?post=8"}],"version-history":[{"count":22,"href":"https:\/\/fartud.ro\/en\/wp-json\/wp\/v2\/pages\/8\/revisions"}],"predecessor-version":[{"id":386,"href":"https:\/\/fartud.ro\/en\/wp-json\/wp\/v2\/pages\/8\/revisions\/386"}],"wp:attachment":[{"href":"https:\/\/fartud.ro\/en\/wp-json\/wp\/v2\/media?parent=8"}],"curies":[{"name":"wp","href":"https:\/\/api.w.org\/{rel}","templated":true}]}}